{"id":129093,"date":"2020-10-13T14:20:29","date_gmt":"2020-10-13T13:20:29","guid":{"rendered":"https:\/\/www.steinfels-kg.de\/?page_id=129093"},"modified":"2024-10-28T11:12:22","modified_gmt":"2024-10-28T10:12:22","slug":"firmenverkaeufe","status":"publish","type":"page","link":"https:\/\/www.steinfels-kg.de\/tr\/makineler\/sirket-tasfiyesi\/","title":{"rendered":"Recently purchased machinery &#8211; now available with Helmut Steinfels!"},"content":{"rendered":"\n<p>On this page we like to draw your attaention to machines we purshased in the last 6 month\u00a0<\/p>\n\n\n","protected":false},"excerpt":{"rendered":"<p>On this page we like to draw your attaention to machines we purshased in the last 6 month\u00a0<\/p>\n","protected":false},"author":3,"featured_media":129255,"parent":9,"menu_order":0,"comment_status":"closed","ping_status":"open","template":"page-firmenaufloesungen.php","meta":{"_et_pb_use_builder":"","_et_pb_old_content":"","_et_gb_content_width":"","Offertennummer":"","Hersteller":"","Typ":"","Durchmesser":"","Baujahr":"","Arbeitsbereich1":"","Arbeitsbereich2":"","Arbeitsbereich3":"","Arbeitsbereich4":"","Maschinenart_D":"","Maschinenart_E":"","Maschinenart_F":"","Maschinenart_S":"","Maschinenart_I":"","Maschinenart_T":"","Maschinenart_P":"","Video":"","Standort":"","Maschinensucher_Steuerungs_Key":"","footnotes":""},"class_list":["post-129093","page","type-page","status-publish","has-post-thumbnail","hentry"],"yoast_head":"<!-- This site is optimized with the Yoast SEO plugin v25.4 - https:\/\/yoast.com\/wordpress\/plugins\/seo\/ -->\n<title>\u015eirket tasfiyesi - HSH Steinfels<\/title>\n<meta name=\"description\" content=\"Bu sayfada dikkatinizi, Neuwied&#039;deki LS BOESNER \u015firketinden yeni sat\u0131n ald\u0131\u011f\u0131m\u0131z ilgin\u00e7 makinelere \u00e7ekmek istiyoruz. Bu makineler hala yerinde ve baz\u0131lar\u0131 \u00e7al\u0131\u015f\u0131r durumdayken g\u00f6r\u00fclebiliyor.\" \/>\n<meta name=\"robots\" content=\"index, follow, max-snippet:-1, max-image-preview:large, max-video-preview:-1\" \/>\n<link rel=\"canonical\" href=\"https:\/\/www.steinfels-kg.de\/maschinen\/firmenverkaeufe\/\" \/>\n<meta property=\"og:locale\" content=\"tr_TR\" \/>\n<meta property=\"og:type\" content=\"article\" \/>\n<meta property=\"og:title\" content=\"\u015eirket tasfiyesi - HSH Steinfels\" \/>\n<meta property=\"og:description\" content=\"[:de]Auf dieser Seite m\u00f6chten wir speziell auf interessante Maschinen aufmerksam machen, die wir gerade bei einer Unternehmensschlie\u00dfung der Firma LS BOESNER in Neuwied gekauft haben. Diese Maschinen befinden sich noch Vorort und k\u00f6nnen dort auch noch zum Teil im Laufen besichtigt werden. [:en]On this page we would like to draw your attention to interesting machines that we have just bought at company LS BOESNER in Neuwied. These machines are still on site and some of them can still be seen while they are in running condition.[:fr]Nous attire votre attention sp\u00e9cialement pour ces machines que nous venons d&#039;acheter lors de la fermeture de la soci\u00e9t\u00e9 LS BOESNER \u00e0 Neuwied. Ces machines sont toujours sur place et certaines d&#039;entre elles peuvent encore y \u00eatre examin\u00e9es pendant leur fonctionnement.[:es]Nos gustar\u00eda llamar su atenci\u00f3n sobre esta selecci\u00f3n de m\u00e1quinas que acabamos de comprar cuando cerr\u00f3 la compa\u00f1\u00eda LS BOESNER en Neuwied. Estas m\u00e1quinas todav\u00eda se encuentran en ese sitio y algunas de ellas a\u00fan se pueden inspeccionar all\u00ed mientras est\u00e1n en funcionamiento.[:ru]\u041d\u0430 \u044d\u0442\u043e\u0439 \u0441\u0442\u0440\u0430\u043d\u0438\u0446\u0435 \u043c\u044b \u0445\u043e\u0442\u0435\u043b\u0438 \u0431\u044b \u043e\u0431\u0440\u0430\u0442\u0438\u0442\u044c \u0432\u0430\u0448\u0435 \u0432\u043d\u0438\u043c\u0430\u043d\u0438\u0435 \u043d\u0430 \u0438\u043d\u0442\u0435\u0440\u0435\u0441\u043d\u044b\u0435 \u043c\u0430\u0448\u0438\u043d\u044b, \u043a\u043e\u0442\u043e\u0440\u044b\u0435 \u043c\u044b \u0442\u043e\u043b\u044c\u043a\u043e \u0447\u0442\u043e \u043a\u0443\u043f\u0438\u043b\u0438 \u0432 \u043a\u043e\u043c\u043f\u0430\u043d\u0438\u0438 LS BOESNER \u0432 \u041d\u043e\u0439\u0432\u0438\u0434\u0435. \u042d\u0442\u0438 \u043c\u0430\u0448\u0438\u043d\u044b \u0432\u0441\u0435 \u0435\u0449\u0435 \u043d\u0430\u0445\u043e\u0434\u044f\u0442\u0441\u044f \u043d\u0430 \u043c\u0435\u0441\u0442\u0435, \u0438 \u043d\u0435\u043a\u043e\u0442\u043e\u0440\u044b\u0435 \u0438\u0437 \u043d\u0438\u0445 \u0432\u0441\u0435 \u0435\u0449\u0435 \u043c\u043e\u0436\u043d\u043e \u0443\u0432\u0438\u0434\u0435\u0442\u044c, \u043f\u043e\u043a\u0430 \u043e\u043d\u0438 \u043d\u0430\u0445\u043e\u0434\u044f\u0442\u0441\u044f \u0432 \u0440\u0430\u0431\u043e\u0447\u0435\u043c \u0441\u043e\u0441\u0442\u043e\u044f\u043d\u0438\u0438.[:tr]Bu sayfada dikkatinizi, Neuwied&#039;deki LS BOESNER \u015firketinden yeni sat\u0131n ald\u0131\u011f\u0131m\u0131z ilgin\u00e7 makinelere \u00e7ekmek istiyoruz. Bu makineler hala yerinde ve baz\u0131lar\u0131 \u00e7al\u0131\u015f\u0131r durumdayken g\u00f6r\u00fclebiliyor.[:it]Vorremmo in particolare sottoporre alla vostra attenzione queste macchine che abbiamo appena acquistato quando l&#039;azienda LS BOESNER a Neuwied \u00e8 stata chiusa. Queste macchine sono ancora sul posto e alcune di esse possono ancora essere ispezionate l\u00ec mentre sono in esecuzione.[:pl]Na tej stronie chcieliby\u015bmy zwr\u00f3ci\u0107 Pa\u0144stwa uwag\u0119 na ciekawe maszyny, kt\u00f3re w\u0142a\u015bnie kupili\u015bmy w firmie LS BOESNER w Neuwied. Maszyny te s\u0105 nadal na miejscu, a niekt\u00f3re z nich mo\u017cna nadal zobaczy\u0107, gdy s\u0105 uruchomione.\" \/>\n<meta property=\"og:url\" content=\"https:\/\/www.steinfels-kg.de\/maschinen\/firmenverkaeufe\/\" \/>\n<meta property=\"og:site_name\" content=\"HSH Steinfels\" \/>\n<meta property=\"article:publisher\" content=\"https:\/\/www.facebook.com\/HelmutSteinfels\" \/>\n<meta property=\"article:modified_time\" content=\"2024-10-28T10:12:22+00:00\" \/>\n<meta property=\"og:image\" content=\"https:\/\/www.steinfels-kg.de\/wp-content\/uploads\/firmenverkaeufe\/Cover.jpg\" \/>\n\t<meta property=\"og:image:width\" content=\"719\" \/>\n\t<meta property=\"og:image:height\" content=\"193\" \/>\n\t<meta property=\"og:image:type\" content=\"image\/jpeg\" \/>\n<meta name=\"twitter:label1\" content=\"Est. reading time\" \/>\n\t<meta name=\"twitter:data1\" content=\"1 minute\" \/>\n<script type=\"application\/ld+json\" class=\"yoast-schema-graph\">{\n\t    \"@context\": \"https:\/\/schema.org\",\n\t    \"@graph\": [\n\t        {\n\t            \"@type\": \"WebPage\",\n\t            \"@id\": \"https:\/\/www.steinfels-kg.de\/maschinen\/firmenverkaeufe\/\",\n\t            \"url\": \"https:\/\/www.steinfels-kg.de\/maschinen\/firmenverkaeufe\/\",\n\t            \"name\": \"\u015eirket tasfiyesi - HSH Steinfels\",\n\t            \"isPartOf\": {\n\t                \"@id\": \"https:\/\/www.steinfels-kg.de\/tr\/#website\"\n\t            },\n\t            \"primaryImageOfPage\": {\n\t                \"@id\": \"https:\/\/www.steinfels-kg.de\/maschinen\/firmenverkaeufe\/#primaryimage\"\n\t            },\n\t            \"image\": {\n\t                \"@id\": \"https:\/\/www.steinfels-kg.de\/maschinen\/firmenverkaeufe\/#primaryimage\"\n\t            },\n\t            \"thumbnailUrl\": \"https:\/\/www.steinfels-kg.de\/wp-content\/uploads\/firmenverkaeufe\/Cover.jpg\",\n\t            \"datePublished\": \"2020-10-13T13:20:29+00:00\",\n\t            \"dateModified\": \"2024-10-28T10:12:22+00:00\",\n\t            \"description\": \"[:de]Auf dieser Seite m\u00f6chten wir speziell auf interessante Maschinen aufmerksam machen, die wir gerade bei einer Unternehmensschlie\u00dfung der Firma LS BOESNER in Neuwied gekauft haben. Diese Maschinen befinden sich noch Vorort und k\u00f6nnen dort auch noch zum Teil im Laufen besichtigt werden. [:en]On this page we would like to draw your attention to interesting machines that we have just bought at company LS BOESNER in Neuwied. These machines are still on site and some of them can still be seen while they are in running condition.[:fr]Nous attire votre attention sp\u00e9cialement pour ces machines que nous venons d'acheter lors de la fermeture de la soci\u00e9t\u00e9 LS BOESNER \u00e0 Neuwied. Ces machines sont toujours sur place et certaines d'entre elles peuvent encore y \u00eatre examin\u00e9es pendant leur fonctionnement.[:es]Nos gustar\u00eda llamar su atenci\u00f3n sobre esta selecci\u00f3n de m\u00e1quinas que acabamos de comprar cuando cerr\u00f3 la compa\u00f1\u00eda LS BOESNER en Neuwied. Estas m\u00e1quinas todav\u00eda se encuentran en ese sitio y algunas de ellas a\u00fan se pueden inspeccionar all\u00ed mientras est\u00e1n en funcionamiento.[:ru]\u041d\u0430 \u044d\u0442\u043e\u0439 \u0441\u0442\u0440\u0430\u043d\u0438\u0446\u0435 \u043c\u044b \u0445\u043e\u0442\u0435\u043b\u0438 \u0431\u044b \u043e\u0431\u0440\u0430\u0442\u0438\u0442\u044c \u0432\u0430\u0448\u0435 \u0432\u043d\u0438\u043c\u0430\u043d\u0438\u0435 \u043d\u0430 \u0438\u043d\u0442\u0435\u0440\u0435\u0441\u043d\u044b\u0435 \u043c\u0430\u0448\u0438\u043d\u044b, \u043a\u043e\u0442\u043e\u0440\u044b\u0435 \u043c\u044b \u0442\u043e\u043b\u044c\u043a\u043e \u0447\u0442\u043e \u043a\u0443\u043f\u0438\u043b\u0438 \u0432 \u043a\u043e\u043c\u043f\u0430\u043d\u0438\u0438 LS BOESNER \u0432 \u041d\u043e\u0439\u0432\u0438\u0434\u0435. \u042d\u0442\u0438 \u043c\u0430\u0448\u0438\u043d\u044b \u0432\u0441\u0435 \u0435\u0449\u0435 \u043d\u0430\u0445\u043e\u0434\u044f\u0442\u0441\u044f \u043d\u0430 \u043c\u0435\u0441\u0442\u0435, \u0438 \u043d\u0435\u043a\u043e\u0442\u043e\u0440\u044b\u0435 \u0438\u0437 \u043d\u0438\u0445 \u0432\u0441\u0435 \u0435\u0449\u0435 \u043c\u043e\u0436\u043d\u043e \u0443\u0432\u0438\u0434\u0435\u0442\u044c, \u043f\u043e\u043a\u0430 \u043e\u043d\u0438 \u043d\u0430\u0445\u043e\u0434\u044f\u0442\u0441\u044f \u0432 \u0440\u0430\u0431\u043e\u0447\u0435\u043c \u0441\u043e\u0441\u0442\u043e\u044f\u043d\u0438\u0438.[:tr]Bu sayfada dikkatinizi, Neuwied'deki LS BOESNER \u015firketinden yeni sat\u0131n ald\u0131\u011f\u0131m\u0131z ilgin\u00e7 makinelere \u00e7ekmek istiyoruz. Bu makineler hala yerinde ve baz\u0131lar\u0131 \u00e7al\u0131\u015f\u0131r durumdayken g\u00f6r\u00fclebiliyor.[:it]Vorremmo in particolare sottoporre alla vostra attenzione queste macchine che abbiamo appena acquistato quando l'azienda LS BOESNER a Neuwied \u00e8 stata chiusa. Queste macchine sono ancora sul posto e alcune di esse possono ancora essere ispezionate l\u00ec mentre sono in esecuzione.[:pl]Na tej stronie chcieliby\u015bmy zwr\u00f3ci\u0107 Pa\u0144stwa uwag\u0119 na ciekawe maszyny, kt\u00f3re w\u0142a\u015bnie kupili\u015bmy w firmie LS BOESNER w Neuwied. Maszyny te s\u0105 nadal na miejscu, a niekt\u00f3re z nich mo\u017cna nadal zobaczy\u0107, gdy s\u0105 uruchomione.\",\n\t            \"breadcrumb\": {\n\t                \"@id\": \"https:\/\/www.steinfels-kg.de\/maschinen\/firmenverkaeufe\/#breadcrumb\"\n\t            },\n\t            \"inLanguage\": \"tr-TR\",\n\t            \"potentialAction\": [\n\t                {\n\t                    \"@type\": \"ReadAction\",\n\t                    \"target\": [\n\t                        \"https:\/\/www.steinfels-kg.de\/maschinen\/firmenverkaeufe\/\"\n\t                    ]\n\t                }\n\t            ]\n\t        },\n\t        {\n\t            \"@type\": \"ImageObject\",\n\t            \"inLanguage\": \"tr-TR\",\n\t            \"@id\": \"https:\/\/www.steinfels-kg.de\/maschinen\/firmenverkaeufe\/#primaryimage\",\n\t            \"url\": \"https:\/\/www.steinfels-kg.de\/wp-content\/uploads\/firmenverkaeufe\/Cover.jpg\",\n\t            \"contentUrl\": \"https:\/\/www.steinfels-kg.de\/wp-content\/uploads\/firmenverkaeufe\/Cover.jpg\",\n\t            \"width\": 719,\n\t            \"height\": 193\n\t        },\n\t        {\n\t            \"@type\": \"BreadcrumbList\",\n\t            \"@id\": \"https:\/\/www.steinfels-kg.de\/maschinen\/firmenverkaeufe\/#breadcrumb\",\n\t            \"itemListElement\": [\n\t                {\n\t                    \"@type\": \"ListItem\",\n\t                    \"position\": 1,\n\t                    \"name\": \"Home\",\n\t                    \"item\": \"https:\/\/www.steinfels-kg.de\/\"\n\t                },\n\t                {\n\t                    \"@type\": \"ListItem\",\n\t                    \"position\": 2,\n\t                    \"name\": \"Maschinen\",\n\t                    \"item\": \"https:\/\/www.steinfels-kg.de\/maschinen\/\"\n\t                },\n\t                {\n\t                    \"@type\": \"ListItem\",\n\t                    \"position\": 3,\n\t                    \"name\": \"Recently purchased machinery &#8211; now available with Helmut Steinfels!\"\n\t                }\n\t            ]\n\t        },\n\t        {\n\t            \"@type\": \"WebSite\",\n\t            \"@id\": \"https:\/\/www.steinfels-kg.de\/tr\/#website\",\n\t            \"url\": \"https:\/\/www.steinfels-kg.de\/tr\/\",\n\t            \"name\": \"HSH Steinfels\",\n\t            \"description\": \"H\u00e4ndler f\u00fcr gebrauchte Maschinen\",\n\t            \"publisher\": {\n\t                \"@id\": \"https:\/\/www.steinfels-kg.de\/tr\/#organization\"\n\t            },\n\t            \"potentialAction\": [\n\t                {\n\t                    \"@type\": \"SearchAction\",\n\t                    \"target\": {\n\t                        \"@type\": \"EntryPoint\",\n\t                        \"urlTemplate\": \"https:\/\/www.steinfels-kg.de\/tr\/?s={search_term_string}\"\n\t                    },\n\t                    \"query-input\": {\n\t                        \"@type\": \"PropertyValueSpecification\",\n\t                        \"valueRequired\": true,\n\t                        \"valueName\": \"search_term_string\"\n\t                    }\n\t                }\n\t            ],\n\t            \"inLanguage\": \"tr-TR\"\n\t        },\n\t        {\n\t            \"@type\": \"Organization\",\n\t            \"@id\": \"https:\/\/www.steinfels-kg.de\/tr\/#organization\",\n\t            \"name\": \"HSH Steinfels\",\n\t            \"url\": \"https:\/\/www.steinfels-kg.de\/tr\/\",\n\t            \"logo\": {\n\t                \"@type\": \"ImageObject\",\n\t                \"inLanguage\": \"tr-TR\",\n\t                \"@id\": \"https:\/\/www.steinfels-kg.de\/tr\/#\/schema\/logo\/image\/\",\n\t                \"url\": \"https:\/\/www.steinfels-kg.de\/wp-content\/uploads\/favicon-ng.png\",\n\t                \"contentUrl\": \"https:\/\/www.steinfels-kg.de\/wp-content\/uploads\/favicon-ng.png\",\n\t                \"width\": 500,\n\t                \"height\": 500,\n\t                \"caption\": \"HSH Steinfels\"\n\t            },\n\t            \"image\": {\n\t                \"@id\": \"https:\/\/www.steinfels-kg.de\/tr\/#\/schema\/logo\/image\/\"\n\t            },\n\t            \"sameAs\": [\n\t                \"https:\/\/www.facebook.com\/HelmutSteinfels\"\n\t            ]\n\t        }\n\t    ]\n\t}<\/script>\n<!-- \/ Yoast SEO plugin. -->","yoast_head_json":{"title":"\u015eirket tasfiyesi - HSH Steinfels","description":"Bu sayfada dikkatinizi, Neuwied'deki LS BOESNER \u015firketinden yeni sat\u0131n ald\u0131\u011f\u0131m\u0131z ilgin\u00e7 makinelere \u00e7ekmek istiyoruz. Bu makineler hala yerinde ve baz\u0131lar\u0131 \u00e7al\u0131\u015f\u0131r durumdayken g\u00f6r\u00fclebiliyor.","robots":{"index":"index","follow":"follow","max-snippet":"max-snippet:-1","max-image-preview":"max-image-preview:large","max-video-preview":"max-video-preview:-1"},"canonical":"https:\/\/www.steinfels-kg.de\/maschinen\/firmenverkaeufe\/","og_locale":"tr_TR","og_type":"article","og_title":"\u015eirket tasfiyesi - HSH Steinfels","og_description":"[:de]Auf dieser Seite m\u00f6chten wir speziell auf interessante Maschinen aufmerksam machen, die wir gerade bei einer Unternehmensschlie\u00dfung der Firma LS BOESNER in Neuwied gekauft haben. Diese Maschinen befinden sich noch Vorort und k\u00f6nnen dort auch noch zum Teil im Laufen besichtigt werden. [:en]On this page we would like to draw your attention to interesting machines that we have just bought at company LS BOESNER in Neuwied. These machines are still on site and some of them can still be seen while they are in running condition.[:fr]Nous attire votre attention sp\u00e9cialement pour ces machines que nous venons d'acheter lors de la fermeture de la soci\u00e9t\u00e9 LS BOESNER \u00e0 Neuwied. Ces machines sont toujours sur place et certaines d'entre elles peuvent encore y \u00eatre examin\u00e9es pendant leur fonctionnement.[:es]Nos gustar\u00eda llamar su atenci\u00f3n sobre esta selecci\u00f3n de m\u00e1quinas que acabamos de comprar cuando cerr\u00f3 la compa\u00f1\u00eda LS BOESNER en Neuwied. Estas m\u00e1quinas todav\u00eda se encuentran en ese sitio y algunas de ellas a\u00fan se pueden inspeccionar all\u00ed mientras est\u00e1n en funcionamiento.[:ru]\u041d\u0430 \u044d\u0442\u043e\u0439 \u0441\u0442\u0440\u0430\u043d\u0438\u0446\u0435 \u043c\u044b \u0445\u043e\u0442\u0435\u043b\u0438 \u0431\u044b \u043e\u0431\u0440\u0430\u0442\u0438\u0442\u044c \u0432\u0430\u0448\u0435 \u0432\u043d\u0438\u043c\u0430\u043d\u0438\u0435 \u043d\u0430 \u0438\u043d\u0442\u0435\u0440\u0435\u0441\u043d\u044b\u0435 \u043c\u0430\u0448\u0438\u043d\u044b, \u043a\u043e\u0442\u043e\u0440\u044b\u0435 \u043c\u044b \u0442\u043e\u043b\u044c\u043a\u043e \u0447\u0442\u043e \u043a\u0443\u043f\u0438\u043b\u0438 \u0432 \u043a\u043e\u043c\u043f\u0430\u043d\u0438\u0438 LS BOESNER \u0432 \u041d\u043e\u0439\u0432\u0438\u0434\u0435. \u042d\u0442\u0438 \u043c\u0430\u0448\u0438\u043d\u044b \u0432\u0441\u0435 \u0435\u0449\u0435 \u043d\u0430\u0445\u043e\u0434\u044f\u0442\u0441\u044f \u043d\u0430 \u043c\u0435\u0441\u0442\u0435, \u0438 \u043d\u0435\u043a\u043e\u0442\u043e\u0440\u044b\u0435 \u0438\u0437 \u043d\u0438\u0445 \u0432\u0441\u0435 \u0435\u0449\u0435 \u043c\u043e\u0436\u043d\u043e \u0443\u0432\u0438\u0434\u0435\u0442\u044c, \u043f\u043e\u043a\u0430 \u043e\u043d\u0438 \u043d\u0430\u0445\u043e\u0434\u044f\u0442\u0441\u044f \u0432 \u0440\u0430\u0431\u043e\u0447\u0435\u043c \u0441\u043e\u0441\u0442\u043e\u044f\u043d\u0438\u0438.[:tr]Bu sayfada dikkatinizi, Neuwied'deki LS BOESNER \u015firketinden yeni sat\u0131n ald\u0131\u011f\u0131m\u0131z ilgin\u00e7 makinelere \u00e7ekmek istiyoruz. Bu makineler hala yerinde ve baz\u0131lar\u0131 \u00e7al\u0131\u015f\u0131r durumdayken g\u00f6r\u00fclebiliyor.[:it]Vorremmo in particolare sottoporre alla vostra attenzione queste macchine che abbiamo appena acquistato quando l'azienda LS BOESNER a Neuwied \u00e8 stata chiusa. Queste macchine sono ancora sul posto e alcune di esse possono ancora essere ispezionate l\u00ec mentre sono in esecuzione.[:pl]Na tej stronie chcieliby\u015bmy zwr\u00f3ci\u0107 Pa\u0144stwa uwag\u0119 na ciekawe maszyny, kt\u00f3re w\u0142a\u015bnie kupili\u015bmy w firmie LS BOESNER w Neuwied. Maszyny te s\u0105 nadal na miejscu, a niekt\u00f3re z nich mo\u017cna nadal zobaczy\u0107, gdy s\u0105 uruchomione.","og_url":"https:\/\/www.steinfels-kg.de\/maschinen\/firmenverkaeufe\/","og_site_name":"HSH Steinfels","article_publisher":"https:\/\/www.facebook.com\/HelmutSteinfels","article_modified_time":"2024-10-28T10:12:22+00:00","og_image":[{"width":719,"height":193,"url":"https:\/\/www.steinfels-kg.de\/wp-content\/uploads\/firmenverkaeufe\/Cover.jpg","type":"image\/jpeg"}],"twitter_misc":{"Est. reading time":"1 minute"},"schema":{"@context":"https:\/\/schema.org","@graph":[{"@type":"WebPage","@id":"https:\/\/www.steinfels-kg.de\/maschinen\/firmenverkaeufe\/","url":"https:\/\/www.steinfels-kg.de\/maschinen\/firmenverkaeufe\/","name":"\u015eirket tasfiyesi - HSH Steinfels","isPartOf":{"@id":"https:\/\/www.steinfels-kg.de\/tr\/#website"},"primaryImageOfPage":{"@id":"https:\/\/www.steinfels-kg.de\/maschinen\/firmenverkaeufe\/#primaryimage"},"image":{"@id":"https:\/\/www.steinfels-kg.de\/maschinen\/firmenverkaeufe\/#primaryimage"},"thumbnailUrl":"https:\/\/www.steinfels-kg.de\/wp-content\/uploads\/firmenverkaeufe\/Cover.jpg","datePublished":"2020-10-13T13:20:29+00:00","dateModified":"2024-10-28T10:12:22+00:00","description":"[:de]Auf dieser Seite m\u00f6chten wir speziell auf interessante Maschinen aufmerksam machen, die wir gerade bei einer Unternehmensschlie\u00dfung der Firma LS BOESNER in Neuwied gekauft haben. Diese Maschinen befinden sich noch Vorort und k\u00f6nnen dort auch noch zum Teil im Laufen besichtigt werden. [:en]On this page we would like to draw your attention to interesting machines that we have just bought at company LS BOESNER in Neuwied. These machines are still on site and some of them can still be seen while they are in running condition.[:fr]Nous attire votre attention sp\u00e9cialement pour ces machines que nous venons d'acheter lors de la fermeture de la soci\u00e9t\u00e9 LS BOESNER \u00e0 Neuwied. Ces machines sont toujours sur place et certaines d'entre elles peuvent encore y \u00eatre examin\u00e9es pendant leur fonctionnement.[:es]Nos gustar\u00eda llamar su atenci\u00f3n sobre esta selecci\u00f3n de m\u00e1quinas que acabamos de comprar cuando cerr\u00f3 la compa\u00f1\u00eda LS BOESNER en Neuwied. Estas m\u00e1quinas todav\u00eda se encuentran en ese sitio y algunas de ellas a\u00fan se pueden inspeccionar all\u00ed mientras est\u00e1n en funcionamiento.[:ru]\u041d\u0430 \u044d\u0442\u043e\u0439 \u0441\u0442\u0440\u0430\u043d\u0438\u0446\u0435 \u043c\u044b \u0445\u043e\u0442\u0435\u043b\u0438 \u0431\u044b \u043e\u0431\u0440\u0430\u0442\u0438\u0442\u044c \u0432\u0430\u0448\u0435 \u0432\u043d\u0438\u043c\u0430\u043d\u0438\u0435 \u043d\u0430 \u0438\u043d\u0442\u0435\u0440\u0435\u0441\u043d\u044b\u0435 \u043c\u0430\u0448\u0438\u043d\u044b, \u043a\u043e\u0442\u043e\u0440\u044b\u0435 \u043c\u044b \u0442\u043e\u043b\u044c\u043a\u043e \u0447\u0442\u043e \u043a\u0443\u043f\u0438\u043b\u0438 \u0432 \u043a\u043e\u043c\u043f\u0430\u043d\u0438\u0438 LS BOESNER \u0432 \u041d\u043e\u0439\u0432\u0438\u0434\u0435. \u042d\u0442\u0438 \u043c\u0430\u0448\u0438\u043d\u044b \u0432\u0441\u0435 \u0435\u0449\u0435 \u043d\u0430\u0445\u043e\u0434\u044f\u0442\u0441\u044f \u043d\u0430 \u043c\u0435\u0441\u0442\u0435, \u0438 \u043d\u0435\u043a\u043e\u0442\u043e\u0440\u044b\u0435 \u0438\u0437 \u043d\u0438\u0445 \u0432\u0441\u0435 \u0435\u0449\u0435 \u043c\u043e\u0436\u043d\u043e \u0443\u0432\u0438\u0434\u0435\u0442\u044c, \u043f\u043e\u043a\u0430 \u043e\u043d\u0438 \u043d\u0430\u0445\u043e\u0434\u044f\u0442\u0441\u044f \u0432 \u0440\u0430\u0431\u043e\u0447\u0435\u043c \u0441\u043e\u0441\u0442\u043e\u044f\u043d\u0438\u0438.[:tr]Bu sayfada dikkatinizi, Neuwied'deki LS BOESNER \u015firketinden yeni sat\u0131n ald\u0131\u011f\u0131m\u0131z ilgin\u00e7 makinelere \u00e7ekmek istiyoruz. Bu makineler hala yerinde ve baz\u0131lar\u0131 \u00e7al\u0131\u015f\u0131r durumdayken g\u00f6r\u00fclebiliyor.[:it]Vorremmo in particolare sottoporre alla vostra attenzione queste macchine che abbiamo appena acquistato quando l'azienda LS BOESNER a Neuwied \u00e8 stata chiusa. Queste macchine sono ancora sul posto e alcune di esse possono ancora essere ispezionate l\u00ec mentre sono in esecuzione.[:pl]Na tej stronie chcieliby\u015bmy zwr\u00f3ci\u0107 Pa\u0144stwa uwag\u0119 na ciekawe maszyny, kt\u00f3re w\u0142a\u015bnie kupili\u015bmy w firmie LS BOESNER w Neuwied. Maszyny te s\u0105 nadal na miejscu, a niekt\u00f3re z nich mo\u017cna nadal zobaczy\u0107, gdy s\u0105 uruchomione.","breadcrumb":{"@id":"https:\/\/www.steinfels-kg.de\/maschinen\/firmenverkaeufe\/#breadcrumb"},"inLanguage":"tr-TR","potentialAction":[{"@type":"ReadAction","target":["https:\/\/www.steinfels-kg.de\/maschinen\/firmenverkaeufe\/"]}]},{"@type":"ImageObject","inLanguage":"tr-TR","@id":"https:\/\/www.steinfels-kg.de\/maschinen\/firmenverkaeufe\/#primaryimage","url":"https:\/\/www.steinfels-kg.de\/wp-content\/uploads\/firmenverkaeufe\/Cover.jpg","contentUrl":"https:\/\/www.steinfels-kg.de\/wp-content\/uploads\/firmenverkaeufe\/Cover.jpg","width":719,"height":193},{"@type":"BreadcrumbList","@id":"https:\/\/www.steinfels-kg.de\/maschinen\/firmenverkaeufe\/#breadcrumb","itemListElement":[{"@type":"ListItem","position":1,"name":"Home","item":"https:\/\/www.steinfels-kg.de\/"},{"@type":"ListItem","position":2,"name":"Maschinen","item":"https:\/\/www.steinfels-kg.de\/maschinen\/"},{"@type":"ListItem","position":3,"name":"Recently purchased machinery &#8211; now available with Helmut Steinfels!"}]},{"@type":"WebSite","@id":"https:\/\/www.steinfels-kg.de\/tr\/#website","url":"https:\/\/www.steinfels-kg.de\/tr\/","name":"HSH Steinfels","description":"H\u00e4ndler f\u00fcr gebrauchte Maschinen","publisher":{"@id":"https:\/\/www.steinfels-kg.de\/tr\/#organization"},"potentialAction":[{"@type":"SearchAction","target":{"@type":"EntryPoint","urlTemplate":"https:\/\/www.steinfels-kg.de\/tr\/?s={search_term_string}"},"query-input":{"@type":"PropertyValueSpecification","valueRequired":true,"valueName":"search_term_string"}}],"inLanguage":"tr-TR"},{"@type":"Organization","@id":"https:\/\/www.steinfels-kg.de\/tr\/#organization","name":"HSH Steinfels","url":"https:\/\/www.steinfels-kg.de\/tr\/","logo":{"@type":"ImageObject","inLanguage":"tr-TR","@id":"https:\/\/www.steinfels-kg.de\/tr\/#\/schema\/logo\/image\/","url":"https:\/\/www.steinfels-kg.de\/wp-content\/uploads\/favicon-ng.png","contentUrl":"https:\/\/www.steinfels-kg.de\/wp-content\/uploads\/favicon-ng.png","width":500,"height":500,"caption":"HSH Steinfels"},"image":{"@id":"https:\/\/www.steinfels-kg.de\/tr\/#\/schema\/logo\/image\/"},"sameAs":["https:\/\/www.facebook.com\/HelmutSteinfels"]}]}},"_links":{"self":[{"href":"https:\/\/www.steinfels-kg.de\/tr\/wp-json\/wp\/v2\/pages\/129093","targetHints":{"allow":["GET"]}}],"collection":[{"href":"https:\/\/www.steinfels-kg.de\/tr\/wp-json\/wp\/v2\/pages"}],"about":[{"href":"https:\/\/www.steinfels-kg.de\/tr\/wp-json\/wp\/v2\/types\/page"}],"author":[{"embeddable":true,"href":"https:\/\/www.steinfels-kg.de\/tr\/wp-json\/wp\/v2\/users\/3"}],"replies":[{"embeddable":true,"href":"https:\/\/www.steinfels-kg.de\/tr\/wp-json\/wp\/v2\/comments?post=129093"}],"version-history":[{"count":4,"href":"https:\/\/www.steinfels-kg.de\/tr\/wp-json\/wp\/v2\/pages\/129093\/revisions"}],"predecessor-version":[{"id":145507,"href":"https:\/\/www.steinfels-kg.de\/tr\/wp-json\/wp\/v2\/pages\/129093\/revisions\/145507"}],"up":[{"embeddable":true,"href":"https:\/\/www.steinfels-kg.de\/tr\/wp-json\/wp\/v2\/pages\/9"}],"wp:featuredmedia":[{"embeddable":true,"href":"https:\/\/www.steinfels-kg.de\/tr\/wp-json\/wp\/v2\/media\/129255"}],"wp:attachment":[{"href":"https:\/\/www.steinfels-kg.de\/tr\/wp-json\/wp\/v2\/media?parent=129093"}],"curies":[{"name":"wp","href":"https:\/\/api.w.org\/{rel}","templated":true}]}}