{"id":9,"date":"2013-08-23T18:47:51","date_gmt":"2013-08-23T16:47:51","guid":{"rendered":"http:\/\/steinfels.a1.ag\/?page_id=9"},"modified":"2019-01-15T22:24:50","modified_gmt":"2019-01-15T21:24:50","slug":"maschinen","status":"publish","type":"page","link":"https:\/\/www.steinfels-kg.de\/fr\/machine\/","title":{"rendered":"Machines"},"content":{"rendered":"<p>Nous offrons le choix suivant d&rsquo;assemblage utilis\u00e9 et le fil machines. Veuillez choisir parmi les cat\u00e9gories ci-dessous les machines qui sont ou qui vous int\u00e9ressent. Si vous ne trouvez pas la machine que vous cherchez, veuillez remplir notre <a title=\"Formulaire de demande\" href=\"\/fr\/contact\/formulaire-de-demande\/\">formulaire de demande<\/a> et nous allons rechercher la machine pour vous. Si vous disposez d&rsquo;un surplus machines vous aiment vendre, veuillez utiliser notre <a title=\"Formulaire d'offre\" href=\"\/fr\/contact\/formulaire-doffre\/\">formulaire d&rsquo;offre<\/a> et nous vous enverrons une offre comment vendre vos machines pour vous. Merci!<\/p>\n","protected":false},"excerpt":{"rendered":"<p>Nous offrons le choix suivant d&rsquo;assemblage utilis\u00e9 et le fil machines. Veuillez choisir parmi les cat\u00e9gories ci-dessous les machines qui sont ou qui vous int\u00e9ressent. Si vous ne trouvez pas la machine que vous cherchez, veuillez remplir notre formulaire de demande et nous allons rechercher la machine pour vous. Si vous disposez d&rsquo;un surplus machines&#8230;  <a class=\"excerpt-read-more\" href=\"https:\/\/www.steinfels-kg.de\/fr\/machine\/\" title=\"ReadMachines\">Read more &raquo;<\/a><\/p>\n","protected":false},"author":1,"featured_media":0,"parent":0,"menu_order":0,"comment_status":"closed","ping_status":"closed","template":"page-maschinen.php","meta":{"_et_pb_use_builder":"","_et_pb_old_content":"","_et_gb_content_width":"","Offertennummer":"","Hersteller":"","Typ":"","Durchmesser":"","Baujahr":"","Arbeitsbereich1":"","Arbeitsbereich2":"","Arbeitsbereich3":"","Arbeitsbereich4":"","Maschinenart_D":"","Maschinenart_E":"","Maschinenart_F":"","Maschinenart_S":"","Maschinenart_I":"","Maschinenart_T":"","Maschinenart_P":"","Video":"","Standort":"","Maschinensucher_Steuerungs_Key":"","footnotes":""},"class_list":["post-9","page","type-page","status-publish","hentry"],"yoast_head":"<!-- This site is optimized with the Yoast SEO plugin v25.4 - https:\/\/yoast.com\/wordpress\/plugins\/seo\/ -->\n<title>Machines d\u2019occasion pour l\u2019industrie de fil et l\u2019industrie des vis, boulons et rivets - HSH Steinfels<\/title>\n<meta name=\"description\" content=\"Wir bieten eine Vielzahl an unterschiedlichen gebrauchten Maschinen an. W\u00e4hlen Sie einfach die Maschinen-Kategorie aus, um sich die jeweiligen Maschinen\" \/>\n<meta name=\"robots\" content=\"index, follow, max-snippet:-1, max-image-preview:large, max-video-preview:-1\" \/>\n<link rel=\"canonical\" href=\"https:\/\/www.steinfels-kg.de\/maschinen\/\" \/>\n<meta property=\"og:locale\" content=\"fr_FR\" \/>\n<meta property=\"og:type\" content=\"article\" \/>\n<meta property=\"og:title\" content=\"Machines d\u2019occasion pour l\u2019industrie de fil et l\u2019industrie des vis, boulons et rivets - HSH Steinfels\" \/>\n<meta property=\"og:description\" content=\"Wir bieten eine Vielzahl an unterschiedlichen gebrauchten Maschinen an. W\u00e4hlen Sie einfach die Maschinen-Kategorie aus, um sich die jeweiligen Maschinen\" \/>\n<meta property=\"og:url\" content=\"https:\/\/www.steinfels-kg.de\/maschinen\/\" \/>\n<meta property=\"og:site_name\" content=\"HSH Steinfels\" \/>\n<meta property=\"article:publisher\" content=\"https:\/\/www.facebook.com\/HelmutSteinfels\" \/>\n<meta property=\"article:modified_time\" content=\"2019-01-15T21:24:50+00:00\" \/>\n<meta name=\"twitter:label1\" content=\"Dur\u00e9e de lecture estim\u00e9e\" \/>\n\t<meta name=\"twitter:data1\" content=\"3 minutes\" \/>\n<script type=\"application\/ld+json\" class=\"yoast-schema-graph\">{\n\t    \"@context\": \"https:\/\/schema.org\",\n\t    \"@graph\": [\n\t        {\n\t            \"@type\": \"WebPage\",\n\t            \"@id\": \"https:\/\/www.steinfels-kg.de\/maschinen\/\",\n\t            \"url\": \"https:\/\/www.steinfels-kg.de\/maschinen\/\",\n\t            \"name\": \"Machines d\u2019occasion pour l\u2019industrie de fil et l\u2019industrie des vis, boulons et rivets - HSH Steinfels\",\n\t            \"isPartOf\": {\n\t                \"@id\": \"https:\/\/www.steinfels-kg.de\/tr\/#website\"\n\t            },\n\t            \"datePublished\": \"2013-08-23T16:47:51+00:00\",\n\t            \"dateModified\": \"2019-01-15T21:24:50+00:00\",\n\t            \"description\": \"Wir bieten eine Vielzahl an unterschiedlichen gebrauchten Maschinen an. W\u00e4hlen Sie einfach die Maschinen-Kategorie aus, um sich die jeweiligen Maschinen\",\n\t            \"breadcrumb\": {\n\t                \"@id\": \"https:\/\/www.steinfels-kg.de\/maschinen\/#breadcrumb\"\n\t            },\n\t            \"inLanguage\": \"fr-FR\",\n\t            \"potentialAction\": [\n\t                {\n\t                    \"@type\": \"ReadAction\",\n\t                    \"target\": [\n\t                        \"https:\/\/www.steinfels-kg.de\/maschinen\/\"\n\t                    ]\n\t                }\n\t            ]\n\t        },\n\t        {\n\t            \"@type\": \"BreadcrumbList\",\n\t            \"@id\": \"https:\/\/www.steinfels-kg.de\/maschinen\/#breadcrumb\",\n\t            \"itemListElement\": [\n\t                {\n\t                    \"@type\": \"ListItem\",\n\t                    \"position\": 1,\n\t                    \"name\": \"Home\",\n\t                    \"item\": \"https:\/\/www.steinfels-kg.de\/\"\n\t                },\n\t                {\n\t                    \"@type\": \"ListItem\",\n\t                    \"position\": 2,\n\t                    \"name\": \"Maschinen\"\n\t                }\n\t            ]\n\t        },\n\t        {\n\t            \"@type\": \"WebSite\",\n\t            \"@id\": \"https:\/\/www.steinfels-kg.de\/tr\/#website\",\n\t            \"url\": \"https:\/\/www.steinfels-kg.de\/tr\/\",\n\t            \"name\": \"HSH Steinfels\",\n\t            \"description\": \"H\u00e4ndler f\u00fcr gebrauchte Maschinen\",\n\t            \"publisher\": {\n\t                \"@id\": \"https:\/\/www.steinfels-kg.de\/tr\/#organization\"\n\t            },\n\t            \"potentialAction\": [\n\t                {\n\t                    \"@type\": \"SearchAction\",\n\t                    \"target\": {\n\t                        \"@type\": \"EntryPoint\",\n\t                        \"urlTemplate\": \"https:\/\/www.steinfels-kg.de\/tr\/?s={search_term_string}\"\n\t                    },\n\t                    \"query-input\": {\n\t                        \"@type\": \"PropertyValueSpecification\",\n\t                        \"valueRequired\": true,\n\t                        \"valueName\": \"search_term_string\"\n\t                    }\n\t                }\n\t            ],\n\t            \"inLanguage\": \"fr-FR\"\n\t        },\n\t        {\n\t            \"@type\": \"Organization\",\n\t            \"@id\": \"https:\/\/www.steinfels-kg.de\/tr\/#organization\",\n\t            \"name\": \"HSH Steinfels\",\n\t            \"url\": \"https:\/\/www.steinfels-kg.de\/tr\/\",\n\t            \"logo\": {\n\t                \"@type\": \"ImageObject\",\n\t                \"inLanguage\": \"fr-FR\",\n\t                \"@id\": \"https:\/\/www.steinfels-kg.de\/tr\/#\/schema\/logo\/image\/\",\n\t                \"url\": \"https:\/\/www.steinfels-kg.de\/wp-content\/uploads\/favicon-ng.png\",\n\t                \"contentUrl\": \"https:\/\/www.steinfels-kg.de\/wp-content\/uploads\/favicon-ng.png\",\n\t                \"width\": 500,\n\t                \"height\": 500,\n\t                \"caption\": \"HSH Steinfels\"\n\t            },\n\t            \"image\": {\n\t                \"@id\": \"https:\/\/www.steinfels-kg.de\/tr\/#\/schema\/logo\/image\/\"\n\t            },\n\t            \"sameAs\": [\n\t                \"https:\/\/www.facebook.com\/HelmutSteinfels\"\n\t            ]\n\t        }\n\t    ]\n\t}<\/script>\n<!-- \/ Yoast SEO plugin. -->","yoast_head_json":{"title":"Machines d\u2019occasion pour l\u2019industrie de fil et l\u2019industrie des vis, boulons et rivets - HSH Steinfels","description":"Wir bieten eine Vielzahl an unterschiedlichen gebrauchten Maschinen an. W\u00e4hlen Sie einfach die Maschinen-Kategorie aus, um sich die jeweiligen Maschinen","robots":{"index":"index","follow":"follow","max-snippet":"max-snippet:-1","max-image-preview":"max-image-preview:large","max-video-preview":"max-video-preview:-1"},"canonical":"https:\/\/www.steinfels-kg.de\/maschinen\/","og_locale":"fr_FR","og_type":"article","og_title":"Machines d\u2019occasion pour l\u2019industrie de fil et l\u2019industrie des vis, boulons et rivets - HSH Steinfels","og_description":"Wir bieten eine Vielzahl an unterschiedlichen gebrauchten Maschinen an. W\u00e4hlen Sie einfach die Maschinen-Kategorie aus, um sich die jeweiligen Maschinen","og_url":"https:\/\/www.steinfels-kg.de\/maschinen\/","og_site_name":"HSH Steinfels","article_publisher":"https:\/\/www.facebook.com\/HelmutSteinfels","article_modified_time":"2019-01-15T21:24:50+00:00","twitter_misc":{"Dur\u00e9e de lecture estim\u00e9e":"3 minutes"},"schema":{"@context":"https:\/\/schema.org","@graph":[{"@type":"WebPage","@id":"https:\/\/www.steinfels-kg.de\/maschinen\/","url":"https:\/\/www.steinfels-kg.de\/maschinen\/","name":"Machines d\u2019occasion pour l\u2019industrie de fil et l\u2019industrie des vis, boulons et rivets - HSH Steinfels","isPartOf":{"@id":"https:\/\/www.steinfels-kg.de\/tr\/#website"},"datePublished":"2013-08-23T16:47:51+00:00","dateModified":"2019-01-15T21:24:50+00:00","description":"Wir bieten eine Vielzahl an unterschiedlichen gebrauchten Maschinen an. W\u00e4hlen Sie einfach die Maschinen-Kategorie aus, um sich die jeweiligen Maschinen","breadcrumb":{"@id":"https:\/\/www.steinfels-kg.de\/maschinen\/#breadcrumb"},"inLanguage":"fr-FR","potentialAction":[{"@type":"ReadAction","target":["https:\/\/www.steinfels-kg.de\/maschinen\/"]}]},{"@type":"BreadcrumbList","@id":"https:\/\/www.steinfels-kg.de\/maschinen\/#breadcrumb","itemListElement":[{"@type":"ListItem","position":1,"name":"Home","item":"https:\/\/www.steinfels-kg.de\/"},{"@type":"ListItem","position":2,"name":"Maschinen"}]},{"@type":"WebSite","@id":"https:\/\/www.steinfels-kg.de\/tr\/#website","url":"https:\/\/www.steinfels-kg.de\/tr\/","name":"HSH Steinfels","description":"H\u00e4ndler f\u00fcr gebrauchte Maschinen","publisher":{"@id":"https:\/\/www.steinfels-kg.de\/tr\/#organization"},"potentialAction":[{"@type":"SearchAction","target":{"@type":"EntryPoint","urlTemplate":"https:\/\/www.steinfels-kg.de\/tr\/?s={search_term_string}"},"query-input":{"@type":"PropertyValueSpecification","valueRequired":true,"valueName":"search_term_string"}}],"inLanguage":"fr-FR"},{"@type":"Organization","@id":"https:\/\/www.steinfels-kg.de\/tr\/#organization","name":"HSH Steinfels","url":"https:\/\/www.steinfels-kg.de\/tr\/","logo":{"@type":"ImageObject","inLanguage":"fr-FR","@id":"https:\/\/www.steinfels-kg.de\/tr\/#\/schema\/logo\/image\/","url":"https:\/\/www.steinfels-kg.de\/wp-content\/uploads\/favicon-ng.png","contentUrl":"https:\/\/www.steinfels-kg.de\/wp-content\/uploads\/favicon-ng.png","width":500,"height":500,"caption":"HSH Steinfels"},"image":{"@id":"https:\/\/www.steinfels-kg.de\/tr\/#\/schema\/logo\/image\/"},"sameAs":["https:\/\/www.facebook.com\/HelmutSteinfels"]}]}},"_links":{"self":[{"href":"https:\/\/www.steinfels-kg.de\/fr\/wp-json\/wp\/v2\/pages\/9","targetHints":{"allow":["GET"]}}],"collection":[{"href":"https:\/\/www.steinfels-kg.de\/fr\/wp-json\/wp\/v2\/pages"}],"about":[{"href":"https:\/\/www.steinfels-kg.de\/fr\/wp-json\/wp\/v2\/types\/page"}],"author":[{"embeddable":true,"href":"https:\/\/www.steinfels-kg.de\/fr\/wp-json\/wp\/v2\/users\/1"}],"replies":[{"embeddable":true,"href":"https:\/\/www.steinfels-kg.de\/fr\/wp-json\/wp\/v2\/comments?post=9"}],"version-history":[{"count":0,"href":"https:\/\/www.steinfels-kg.de\/fr\/wp-json\/wp\/v2\/pages\/9\/revisions"}],"wp:attachment":[{"href":"https:\/\/www.steinfels-kg.de\/fr\/wp-json\/wp\/v2\/media?parent=9"}],"curies":[{"name":"wp","href":"https:\/\/api.w.org\/{rel}","templated":true}]}}