{"id":7730,"date":"2013-10-14T14:21:48","date_gmt":"2013-10-14T12:21:48","guid":{"rendered":"http:\/\/dev.steinfels-kg.de\/?page_id=7730"},"modified":"2019-03-20T19:05:22","modified_gmt":"2019-03-20T18:05:22","slug":"angebotsformular","status":"publish","type":"page","link":"https:\/\/www.steinfels-kg.de\/fr\/contact\/formulaire-doffre\/","title":{"rendered":"Formulaire d&rsquo;offre"},"content":{"rendered":"<p>Ici vous pouvez nous offrir les machines disponibles dans votre Maison. Nous allons vous informer apr\u00e8s, si nous sommes int\u00e9ress\u00e9s dans l\u2019achat des machines et \u00e0 quelles conditions cela serait possible.<\/p>\n","protected":false},"excerpt":{"rendered":"<p>Ici vous pouvez nous offrir les machines disponibles dans votre Maison. Nous allons vous informer apr\u00e8s, si nous sommes int\u00e9ress\u00e9s dans l\u2019achat des machines et \u00e0 quelles conditions cela serait possible.<\/p>\n","protected":false},"author":1,"featured_media":0,"parent":15,"menu_order":0,"comment_status":"closed","ping_status":"open","template":"page-angebotsformular.php","meta":{"_et_pb_use_builder":"","_et_pb_old_content":"","_et_gb_content_width":"","Offertennummer":"","Hersteller":"","Typ":"","Durchmesser":"","Baujahr":"","Arbeitsbereich1":"","Arbeitsbereich2":"","Arbeitsbereich3":"","Arbeitsbereich4":"","Maschinenart_D":"","Maschinenart_E":"","Maschinenart_F":"","Maschinenart_S":"","Maschinenart_I":"","Maschinenart_T":"","Maschinenart_P":"","Video":"","Standort":"","Maschinensucher_Steuerungs_Key":"","footnotes":""},"class_list":["post-7730","page","type-page","status-publish","hentry"],"yoast_head":"<!-- This site is optimized with the Yoast SEO plugin v25.4 - https:\/\/yoast.com\/wordpress\/plugins\/seo\/ -->\n<title>Formulaire d&#039;offre - HSH Steinfels<\/title>\n<meta name=\"description\" content=\"Hier k\u00f6nnen Sie uns Ihre \u00fcberz\u00e4hligen Maschinen anbieten, wir w\u00fcrden Sie dann informieren, ob wir am Ankauf interessiert sind, und zu welchen Konditionen\" \/>\n<meta name=\"robots\" content=\"index, follow, max-snippet:-1, max-image-preview:large, max-video-preview:-1\" \/>\n<link rel=\"canonical\" href=\"https:\/\/www.steinfels-kg.de\/kontakt\/angebotsformular\/\" \/>\n<meta property=\"og:locale\" content=\"fr_FR\" \/>\n<meta property=\"og:type\" content=\"article\" \/>\n<meta property=\"og:title\" content=\"Formulaire d&#039;offre - HSH Steinfels\" \/>\n<meta property=\"og:description\" content=\"Hier k\u00f6nnen Sie uns Ihre \u00fcberz\u00e4hligen Maschinen anbieten, wir w\u00fcrden Sie dann informieren, ob wir am Ankauf interessiert sind, und zu welchen Konditionen\" \/>\n<meta property=\"og:url\" content=\"https:\/\/www.steinfels-kg.de\/kontakt\/angebotsformular\/\" \/>\n<meta property=\"og:site_name\" content=\"HSH Steinfels\" \/>\n<meta property=\"article:publisher\" content=\"https:\/\/www.facebook.com\/HelmutSteinfels\" \/>\n<meta property=\"article:modified_time\" content=\"2019-03-20T18:05:22+00:00\" \/>\n<meta name=\"twitter:label1\" content=\"Dur\u00e9e de lecture estim\u00e9e\" \/>\n\t<meta name=\"twitter:data1\" content=\"1 minute\" \/>\n<script type=\"application\/ld+json\" class=\"yoast-schema-graph\">{\n\t    \"@context\": \"https:\/\/schema.org\",\n\t    \"@graph\": [\n\t        {\n\t            \"@type\": \"WebPage\",\n\t            \"@id\": \"https:\/\/www.steinfels-kg.de\/kontakt\/angebotsformular\/\",\n\t            \"url\": \"https:\/\/www.steinfels-kg.de\/kontakt\/angebotsformular\/\",\n\t            \"name\": \"Formulaire d'offre - HSH Steinfels\",\n\t            \"isPartOf\": {\n\t                \"@id\": \"https:\/\/www.steinfels-kg.de\/tr\/#website\"\n\t            },\n\t            \"datePublished\": \"2013-10-14T12:21:48+00:00\",\n\t            \"dateModified\": \"2019-03-20T18:05:22+00:00\",\n\t            \"description\": \"Hier k\u00f6nnen Sie uns Ihre \u00fcberz\u00e4hligen Maschinen anbieten, wir w\u00fcrden Sie dann informieren, ob wir am Ankauf interessiert sind, und zu welchen Konditionen\",\n\t            \"breadcrumb\": {\n\t                \"@id\": \"https:\/\/www.steinfels-kg.de\/kontakt\/angebotsformular\/#breadcrumb\"\n\t            },\n\t            \"inLanguage\": \"fr-FR\",\n\t            \"potentialAction\": [\n\t                {\n\t                    \"@type\": \"ReadAction\",\n\t                    \"target\": [\n\t                        \"https:\/\/www.steinfels-kg.de\/kontakt\/angebotsformular\/\"\n\t                    ]\n\t                }\n\t            ]\n\t        },\n\t        {\n\t            \"@type\": \"BreadcrumbList\",\n\t            \"@id\": \"https:\/\/www.steinfels-kg.de\/kontakt\/angebotsformular\/#breadcrumb\",\n\t            \"itemListElement\": [\n\t                {\n\t                    \"@type\": \"ListItem\",\n\t                    \"position\": 1,\n\t                    \"name\": \"Home\",\n\t                    \"item\": \"https:\/\/www.steinfels-kg.de\/\"\n\t                },\n\t                {\n\t                    \"@type\": \"ListItem\",\n\t                    \"position\": 2,\n\t                    \"name\": \"Kontakt\",\n\t                    \"item\": \"https:\/\/www.steinfels-kg.de\/kontakt\/\"\n\t                },\n\t                {\n\t                    \"@type\": \"ListItem\",\n\t                    \"position\": 3,\n\t                    \"name\": \"Angebotsformular\"\n\t                }\n\t            ]\n\t        },\n\t        {\n\t            \"@type\": \"WebSite\",\n\t            \"@id\": \"https:\/\/www.steinfels-kg.de\/tr\/#website\",\n\t            \"url\": \"https:\/\/www.steinfels-kg.de\/tr\/\",\n\t            \"name\": \"HSH Steinfels\",\n\t            \"description\": \"H\u00e4ndler f\u00fcr gebrauchte Maschinen\",\n\t            \"publisher\": {\n\t                \"@id\": \"https:\/\/www.steinfels-kg.de\/tr\/#organization\"\n\t            },\n\t            \"potentialAction\": [\n\t                {\n\t                    \"@type\": \"SearchAction\",\n\t                    \"target\": {\n\t                        \"@type\": \"EntryPoint\",\n\t                        \"urlTemplate\": \"https:\/\/www.steinfels-kg.de\/tr\/?s={search_term_string}\"\n\t                    },\n\t                    \"query-input\": {\n\t                        \"@type\": \"PropertyValueSpecification\",\n\t                        \"valueRequired\": true,\n\t                        \"valueName\": \"search_term_string\"\n\t                    }\n\t                }\n\t            ],\n\t            \"inLanguage\": \"fr-FR\"\n\t        },\n\t        {\n\t            \"@type\": \"Organization\",\n\t            \"@id\": \"https:\/\/www.steinfels-kg.de\/tr\/#organization\",\n\t            \"name\": \"HSH Steinfels\",\n\t            \"url\": \"https:\/\/www.steinfels-kg.de\/tr\/\",\n\t            \"logo\": {\n\t                \"@type\": \"ImageObject\",\n\t                \"inLanguage\": \"fr-FR\",\n\t                \"@id\": \"https:\/\/www.steinfels-kg.de\/tr\/#\/schema\/logo\/image\/\",\n\t                \"url\": \"https:\/\/www.steinfels-kg.de\/wp-content\/uploads\/favicon-ng.png\",\n\t                \"contentUrl\": \"https:\/\/www.steinfels-kg.de\/wp-content\/uploads\/favicon-ng.png\",\n\t                \"width\": 500,\n\t                \"height\": 500,\n\t                \"caption\": \"HSH Steinfels\"\n\t            },\n\t            \"image\": {\n\t                \"@id\": \"https:\/\/www.steinfels-kg.de\/tr\/#\/schema\/logo\/image\/\"\n\t            },\n\t            \"sameAs\": [\n\t                \"https:\/\/www.facebook.com\/HelmutSteinfels\"\n\t            ]\n\t        }\n\t    ]\n\t}<\/script>\n<!-- \/ Yoast SEO plugin. -->","yoast_head_json":{"title":"Formulaire d'offre - HSH Steinfels","description":"Hier k\u00f6nnen Sie uns Ihre \u00fcberz\u00e4hligen Maschinen anbieten, wir w\u00fcrden Sie dann informieren, ob wir am Ankauf interessiert sind, und zu welchen Konditionen","robots":{"index":"index","follow":"follow","max-snippet":"max-snippet:-1","max-image-preview":"max-image-preview:large","max-video-preview":"max-video-preview:-1"},"canonical":"https:\/\/www.steinfels-kg.de\/kontakt\/angebotsformular\/","og_locale":"fr_FR","og_type":"article","og_title":"Formulaire d'offre - HSH Steinfels","og_description":"Hier k\u00f6nnen Sie uns Ihre \u00fcberz\u00e4hligen Maschinen anbieten, wir w\u00fcrden Sie dann informieren, ob wir am Ankauf interessiert sind, und zu welchen Konditionen","og_url":"https:\/\/www.steinfels-kg.de\/kontakt\/angebotsformular\/","og_site_name":"HSH Steinfels","article_publisher":"https:\/\/www.facebook.com\/HelmutSteinfels","article_modified_time":"2019-03-20T18:05:22+00:00","twitter_misc":{"Dur\u00e9e de lecture estim\u00e9e":"1 minute"},"schema":{"@context":"https:\/\/schema.org","@graph":[{"@type":"WebPage","@id":"https:\/\/www.steinfels-kg.de\/kontakt\/angebotsformular\/","url":"https:\/\/www.steinfels-kg.de\/kontakt\/angebotsformular\/","name":"Formulaire d'offre - HSH Steinfels","isPartOf":{"@id":"https:\/\/www.steinfels-kg.de\/tr\/#website"},"datePublished":"2013-10-14T12:21:48+00:00","dateModified":"2019-03-20T18:05:22+00:00","description":"Hier k\u00f6nnen Sie uns Ihre \u00fcberz\u00e4hligen Maschinen anbieten, wir w\u00fcrden Sie dann informieren, ob wir am Ankauf interessiert sind, und zu welchen Konditionen","breadcrumb":{"@id":"https:\/\/www.steinfels-kg.de\/kontakt\/angebotsformular\/#breadcrumb"},"inLanguage":"fr-FR","potentialAction":[{"@type":"ReadAction","target":["https:\/\/www.steinfels-kg.de\/kontakt\/angebotsformular\/"]}]},{"@type":"BreadcrumbList","@id":"https:\/\/www.steinfels-kg.de\/kontakt\/angebotsformular\/#breadcrumb","itemListElement":[{"@type":"ListItem","position":1,"name":"Home","item":"https:\/\/www.steinfels-kg.de\/"},{"@type":"ListItem","position":2,"name":"Kontakt","item":"https:\/\/www.steinfels-kg.de\/kontakt\/"},{"@type":"ListItem","position":3,"name":"Angebotsformular"}]},{"@type":"WebSite","@id":"https:\/\/www.steinfels-kg.de\/tr\/#website","url":"https:\/\/www.steinfels-kg.de\/tr\/","name":"HSH Steinfels","description":"H\u00e4ndler f\u00fcr gebrauchte Maschinen","publisher":{"@id":"https:\/\/www.steinfels-kg.de\/tr\/#organization"},"potentialAction":[{"@type":"SearchAction","target":{"@type":"EntryPoint","urlTemplate":"https:\/\/www.steinfels-kg.de\/tr\/?s={search_term_string}"},"query-input":{"@type":"PropertyValueSpecification","valueRequired":true,"valueName":"search_term_string"}}],"inLanguage":"fr-FR"},{"@type":"Organization","@id":"https:\/\/www.steinfels-kg.de\/tr\/#organization","name":"HSH Steinfels","url":"https:\/\/www.steinfels-kg.de\/tr\/","logo":{"@type":"ImageObject","inLanguage":"fr-FR","@id":"https:\/\/www.steinfels-kg.de\/tr\/#\/schema\/logo\/image\/","url":"https:\/\/www.steinfels-kg.de\/wp-content\/uploads\/favicon-ng.png","contentUrl":"https:\/\/www.steinfels-kg.de\/wp-content\/uploads\/favicon-ng.png","width":500,"height":500,"caption":"HSH Steinfels"},"image":{"@id":"https:\/\/www.steinfels-kg.de\/tr\/#\/schema\/logo\/image\/"},"sameAs":["https:\/\/www.facebook.com\/HelmutSteinfels"]}]}},"_links":{"self":[{"href":"https:\/\/www.steinfels-kg.de\/fr\/wp-json\/wp\/v2\/pages\/7730","targetHints":{"allow":["GET"]}}],"collection":[{"href":"https:\/\/www.steinfels-kg.de\/fr\/wp-json\/wp\/v2\/pages"}],"about":[{"href":"https:\/\/www.steinfels-kg.de\/fr\/wp-json\/wp\/v2\/types\/page"}],"author":[{"embeddable":true,"href":"https:\/\/www.steinfels-kg.de\/fr\/wp-json\/wp\/v2\/users\/1"}],"replies":[{"embeddable":true,"href":"https:\/\/www.steinfels-kg.de\/fr\/wp-json\/wp\/v2\/comments?post=7730"}],"version-history":[{"count":0,"href":"https:\/\/www.steinfels-kg.de\/fr\/wp-json\/wp\/v2\/pages\/7730\/revisions"}],"up":[{"embeddable":true,"href":"https:\/\/www.steinfels-kg.de\/fr\/wp-json\/wp\/v2\/pages\/15"}],"wp:attachment":[{"href":"https:\/\/www.steinfels-kg.de\/fr\/wp-json\/wp\/v2\/media?parent=7730"}],"curies":[{"name":"wp","href":"https:\/\/api.w.org\/{rel}","templated":true}]}}