{"id":9,"date":"2013-08-23T18:47:51","date_gmt":"2013-08-23T16:47:51","guid":{"rendered":"http:\/\/steinfels.a1.ag\/?page_id=9"},"modified":"2019-01-15T22:24:50","modified_gmt":"2019-01-15T21:24:50","slug":"maschinen","status":"publish","type":"page","link":"https:\/\/www.steinfels-kg.de\/es\/maquinas\/","title":{"rendered":"M\u00e1quinas"},"content":{"rendered":"<p>Aqu\u00ed podr\u00e1 encontrar una variedad de m\u00e1quinas de segunda mano. Simplemente elija la categor\u00eda en donde se encuenra la m\u00e1quina que le interesa para poder ver todas las m\u00e1quinas disponibles. En caso que la m\u00e1quina deseada no se encuentre en la lista puede enviarnos un formulario de solicitud y nosotros nos encargaremos de buscar una m\u00e1quina adecuada a sus necesidades. Si usted tiene alguna m\u00e1quina que desea vender no dude en enviarnos un formulario de oferta y nosotros le haremos entonces una oferta. Muchas gracias.<\/p>\n","protected":false},"excerpt":{"rendered":"<p>Aqu\u00ed podr\u00e1 encontrar una variedad de m\u00e1quinas de segunda mano. Simplemente elija la categor\u00eda en donde se encuenra la m\u00e1quina que le interesa para poder ver todas las m\u00e1quinas disponibles. En caso que la m\u00e1quina deseada no se encuentre en la lista puede enviarnos un formulario de solicitud y nosotros nos encargaremos de buscar una&#8230;  <a class=\"excerpt-read-more\" href=\"https:\/\/www.steinfels-kg.de\/es\/maquinas\/\" title=\"ReadM\u00e1quinas\">Read more &raquo;<\/a><\/p>\n","protected":false},"author":1,"featured_media":0,"parent":0,"menu_order":0,"comment_status":"closed","ping_status":"closed","template":"page-maschinen.php","meta":{"_et_pb_use_builder":"","_et_pb_old_content":"","_et_gb_content_width":"","Offertennummer":"","Hersteller":"","Typ":"","Durchmesser":"","Baujahr":"","Arbeitsbereich1":"","Arbeitsbereich2":"","Arbeitsbereich3":"","Arbeitsbereich4":"","Maschinenart_D":"","Maschinenart_E":"","Maschinenart_F":"","Maschinenart_S":"","Maschinenart_I":"","Maschinenart_T":"","Maschinenart_P":"","Video":"","Standort":"","Maschinensucher_Steuerungs_Key":"","footnotes":""},"class_list":["post-9","page","type-page","status-publish","hentry"],"yoast_head":"<!-- This site is optimized with the Yoast SEO plugin v25.4 - https:\/\/yoast.com\/wordpress\/plugins\/seo\/ -->\n<title>Maquinas de segunda mano para la industria de alambre y fijacion - HSH Steinfels<\/title>\n<meta name=\"description\" content=\"Wir bieten eine Vielzahl an unterschiedlichen gebrauchten Maschinen an. W\u00e4hlen Sie einfach die Maschinen-Kategorie aus, um sich die jeweiligen Maschinen\" \/>\n<meta name=\"robots\" content=\"index, follow, max-snippet:-1, max-image-preview:large, max-video-preview:-1\" \/>\n<link rel=\"canonical\" href=\"https:\/\/www.steinfels-kg.de\/maschinen\/\" \/>\n<meta property=\"og:locale\" content=\"es_ES\" \/>\n<meta property=\"og:type\" content=\"article\" \/>\n<meta property=\"og:title\" content=\"Maquinas de segunda mano para la industria de alambre y fijacion - HSH Steinfels\" \/>\n<meta property=\"og:description\" content=\"Wir bieten eine Vielzahl an unterschiedlichen gebrauchten Maschinen an. W\u00e4hlen Sie einfach die Maschinen-Kategorie aus, um sich die jeweiligen Maschinen\" \/>\n<meta property=\"og:url\" content=\"https:\/\/www.steinfels-kg.de\/maschinen\/\" \/>\n<meta property=\"og:site_name\" content=\"HSH Steinfels\" \/>\n<meta property=\"article:publisher\" content=\"https:\/\/www.facebook.com\/HelmutSteinfels\" \/>\n<meta property=\"article:modified_time\" content=\"2019-01-15T21:24:50+00:00\" \/>\n<meta name=\"twitter:label1\" content=\"Tiempo de lectura\" \/>\n\t<meta name=\"twitter:data1\" content=\"3 minutes\" \/>\n<script type=\"application\/ld+json\" class=\"yoast-schema-graph\">{\n\t    \"@context\": \"https:\/\/schema.org\",\n\t    \"@graph\": [\n\t        {\n\t            \"@type\": \"WebPage\",\n\t            \"@id\": \"https:\/\/www.steinfels-kg.de\/maschinen\/\",\n\t            \"url\": \"https:\/\/www.steinfels-kg.de\/maschinen\/\",\n\t            \"name\": \"Maquinas de segunda mano para la industria de alambre y fijacion - HSH Steinfels\",\n\t            \"isPartOf\": {\n\t                \"@id\": \"https:\/\/www.steinfels-kg.de\/tr\/#website\"\n\t            },\n\t            \"datePublished\": \"2013-08-23T16:47:51+00:00\",\n\t            \"dateModified\": \"2019-01-15T21:24:50+00:00\",\n\t            \"description\": \"Wir bieten eine Vielzahl an unterschiedlichen gebrauchten Maschinen an. W\u00e4hlen Sie einfach die Maschinen-Kategorie aus, um sich die jeweiligen Maschinen\",\n\t            \"breadcrumb\": {\n\t                \"@id\": \"https:\/\/www.steinfels-kg.de\/maschinen\/#breadcrumb\"\n\t            },\n\t            \"inLanguage\": \"es-ES\",\n\t            \"potentialAction\": [\n\t                {\n\t                    \"@type\": \"ReadAction\",\n\t                    \"target\": [\n\t                        \"https:\/\/www.steinfels-kg.de\/maschinen\/\"\n\t                    ]\n\t                }\n\t            ]\n\t        },\n\t        {\n\t            \"@type\": \"BreadcrumbList\",\n\t            \"@id\": \"https:\/\/www.steinfels-kg.de\/maschinen\/#breadcrumb\",\n\t            \"itemListElement\": [\n\t                {\n\t                    \"@type\": \"ListItem\",\n\t                    \"position\": 1,\n\t                    \"name\": \"Home\",\n\t                    \"item\": \"https:\/\/www.steinfels-kg.de\/\"\n\t                },\n\t                {\n\t                    \"@type\": \"ListItem\",\n\t                    \"position\": 2,\n\t                    \"name\": \"Maschinen\"\n\t                }\n\t            ]\n\t        },\n\t        {\n\t            \"@type\": \"WebSite\",\n\t            \"@id\": \"https:\/\/www.steinfels-kg.de\/tr\/#website\",\n\t            \"url\": \"https:\/\/www.steinfels-kg.de\/tr\/\",\n\t            \"name\": \"HSH Steinfels\",\n\t            \"description\": \"H\u00e4ndler f\u00fcr gebrauchte Maschinen\",\n\t            \"publisher\": {\n\t                \"@id\": \"https:\/\/www.steinfels-kg.de\/tr\/#organization\"\n\t            },\n\t            \"potentialAction\": [\n\t                {\n\t                    \"@type\": \"SearchAction\",\n\t                    \"target\": {\n\t                        \"@type\": \"EntryPoint\",\n\t                        \"urlTemplate\": \"https:\/\/www.steinfels-kg.de\/tr\/?s={search_term_string}\"\n\t                    },\n\t                    \"query-input\": {\n\t                        \"@type\": \"PropertyValueSpecification\",\n\t                        \"valueRequired\": true,\n\t                        \"valueName\": \"search_term_string\"\n\t                    }\n\t                }\n\t            ],\n\t            \"inLanguage\": \"es-ES\"\n\t        },\n\t        {\n\t            \"@type\": \"Organization\",\n\t            \"@id\": \"https:\/\/www.steinfels-kg.de\/tr\/#organization\",\n\t            \"name\": \"HSH Steinfels\",\n\t            \"url\": \"https:\/\/www.steinfels-kg.de\/tr\/\",\n\t            \"logo\": {\n\t                \"@type\": \"ImageObject\",\n\t                \"inLanguage\": \"es-ES\",\n\t                \"@id\": \"https:\/\/www.steinfels-kg.de\/tr\/#\/schema\/logo\/image\/\",\n\t                \"url\": \"https:\/\/www.steinfels-kg.de\/wp-content\/uploads\/favicon-ng.png\",\n\t                \"contentUrl\": \"https:\/\/www.steinfels-kg.de\/wp-content\/uploads\/favicon-ng.png\",\n\t                \"width\": 500,\n\t                \"height\": 500,\n\t                \"caption\": \"HSH Steinfels\"\n\t            },\n\t            \"image\": {\n\t                \"@id\": \"https:\/\/www.steinfels-kg.de\/tr\/#\/schema\/logo\/image\/\"\n\t            },\n\t            \"sameAs\": [\n\t                \"https:\/\/www.facebook.com\/HelmutSteinfels\"\n\t            ]\n\t        }\n\t    ]\n\t}<\/script>\n<!-- \/ Yoast SEO plugin. -->","yoast_head_json":{"title":"Maquinas de segunda mano para la industria de alambre y fijacion - HSH Steinfels","description":"Wir bieten eine Vielzahl an unterschiedlichen gebrauchten Maschinen an. W\u00e4hlen Sie einfach die Maschinen-Kategorie aus, um sich die jeweiligen Maschinen","robots":{"index":"index","follow":"follow","max-snippet":"max-snippet:-1","max-image-preview":"max-image-preview:large","max-video-preview":"max-video-preview:-1"},"canonical":"https:\/\/www.steinfels-kg.de\/maschinen\/","og_locale":"es_ES","og_type":"article","og_title":"Maquinas de segunda mano para la industria de alambre y fijacion - HSH Steinfels","og_description":"Wir bieten eine Vielzahl an unterschiedlichen gebrauchten Maschinen an. W\u00e4hlen Sie einfach die Maschinen-Kategorie aus, um sich die jeweiligen Maschinen","og_url":"https:\/\/www.steinfels-kg.de\/maschinen\/","og_site_name":"HSH Steinfels","article_publisher":"https:\/\/www.facebook.com\/HelmutSteinfels","article_modified_time":"2019-01-15T21:24:50+00:00","twitter_misc":{"Tiempo de lectura":"3 minutes"},"schema":{"@context":"https:\/\/schema.org","@graph":[{"@type":"WebPage","@id":"https:\/\/www.steinfels-kg.de\/maschinen\/","url":"https:\/\/www.steinfels-kg.de\/maschinen\/","name":"Maquinas de segunda mano para la industria de alambre y fijacion - HSH Steinfels","isPartOf":{"@id":"https:\/\/www.steinfels-kg.de\/tr\/#website"},"datePublished":"2013-08-23T16:47:51+00:00","dateModified":"2019-01-15T21:24:50+00:00","description":"Wir bieten eine Vielzahl an unterschiedlichen gebrauchten Maschinen an. W\u00e4hlen Sie einfach die Maschinen-Kategorie aus, um sich die jeweiligen Maschinen","breadcrumb":{"@id":"https:\/\/www.steinfels-kg.de\/maschinen\/#breadcrumb"},"inLanguage":"es-ES","potentialAction":[{"@type":"ReadAction","target":["https:\/\/www.steinfels-kg.de\/maschinen\/"]}]},{"@type":"BreadcrumbList","@id":"https:\/\/www.steinfels-kg.de\/maschinen\/#breadcrumb","itemListElement":[{"@type":"ListItem","position":1,"name":"Home","item":"https:\/\/www.steinfels-kg.de\/"},{"@type":"ListItem","position":2,"name":"Maschinen"}]},{"@type":"WebSite","@id":"https:\/\/www.steinfels-kg.de\/tr\/#website","url":"https:\/\/www.steinfels-kg.de\/tr\/","name":"HSH Steinfels","description":"H\u00e4ndler f\u00fcr gebrauchte Maschinen","publisher":{"@id":"https:\/\/www.steinfels-kg.de\/tr\/#organization"},"potentialAction":[{"@type":"SearchAction","target":{"@type":"EntryPoint","urlTemplate":"https:\/\/www.steinfels-kg.de\/tr\/?s={search_term_string}"},"query-input":{"@type":"PropertyValueSpecification","valueRequired":true,"valueName":"search_term_string"}}],"inLanguage":"es-ES"},{"@type":"Organization","@id":"https:\/\/www.steinfels-kg.de\/tr\/#organization","name":"HSH Steinfels","url":"https:\/\/www.steinfels-kg.de\/tr\/","logo":{"@type":"ImageObject","inLanguage":"es-ES","@id":"https:\/\/www.steinfels-kg.de\/tr\/#\/schema\/logo\/image\/","url":"https:\/\/www.steinfels-kg.de\/wp-content\/uploads\/favicon-ng.png","contentUrl":"https:\/\/www.steinfels-kg.de\/wp-content\/uploads\/favicon-ng.png","width":500,"height":500,"caption":"HSH Steinfels"},"image":{"@id":"https:\/\/www.steinfels-kg.de\/tr\/#\/schema\/logo\/image\/"},"sameAs":["https:\/\/www.facebook.com\/HelmutSteinfels"]}]}},"_links":{"self":[{"href":"https:\/\/www.steinfels-kg.de\/es\/wp-json\/wp\/v2\/pages\/9","targetHints":{"allow":["GET"]}}],"collection":[{"href":"https:\/\/www.steinfels-kg.de\/es\/wp-json\/wp\/v2\/pages"}],"about":[{"href":"https:\/\/www.steinfels-kg.de\/es\/wp-json\/wp\/v2\/types\/page"}],"author":[{"embeddable":true,"href":"https:\/\/www.steinfels-kg.de\/es\/wp-json\/wp\/v2\/users\/1"}],"replies":[{"embeddable":true,"href":"https:\/\/www.steinfels-kg.de\/es\/wp-json\/wp\/v2\/comments?post=9"}],"version-history":[{"count":0,"href":"https:\/\/www.steinfels-kg.de\/es\/wp-json\/wp\/v2\/pages\/9\/revisions"}],"wp:attachment":[{"href":"https:\/\/www.steinfels-kg.de\/es\/wp-json\/wp\/v2\/media?parent=9"}],"curies":[{"name":"wp","href":"https:\/\/api.w.org\/{rel}","templated":true}]}}