{"id":6,"date":"2013-08-23T18:45:09","date_gmt":"2013-08-23T16:45:09","guid":{"rendered":"http:\/\/steinfels.a1.ag\/?page_id=6"},"modified":"2024-09-19T10:15:46","modified_gmt":"2024-09-19T09:15:46","slug":"deutsch-home","status":"publish","type":"page","link":"https:\/\/www.steinfels-kg.de\/es\/","title":{"rendered":"Bienvenido a Helmut Steinfels GmbH &#038; Co KG"},"content":{"rendered":"<p>HELMUT STEINFELS GMBH &amp; CO. KG fue fundada en el a\u00f1o 1962 y es hoy en d\u00eda una de las empresas m\u00e1s importantes en lo que se refiere al comercio mundial para m\u00e1quinas de segunda mano para la industria del alambre y fijaci\u00f3n. Gracias a nuestro contacto con una variedad de empresas y productores as\u00ed como el r\u00e1pido desarrollo de las negociaciones entre clientes y vendedores hemos logrado alcanzar esta posici\u00f3n en el mercado arriba mencionado. Para que se haga una idea de las m\u00e1quinas que se encuentran a la venta eche un vistazo en los siguientes enlaces:<\/p>\n","protected":false},"excerpt":{"rendered":"<p>HELMUT STEINFELS GMBH &amp; CO. KG fue fundada en el a\u00f1o 1962 y es hoy en d\u00eda una de las empresas m\u00e1s importantes en lo que se refiere al comercio mundial para m\u00e1quinas de segunda mano para la industria del alambre y fijaci\u00f3n. Gracias a nuestro contacto con una variedad de empresas y productores as\u00ed&#8230;  <a class=\"excerpt-read-more\" href=\"https:\/\/www.steinfels-kg.de\/es\/\" title=\"ReadBienvenido a Helmut Steinfels GmbH &#038; Co KG\">Read more &raquo;<\/a><\/p>\n","protected":false},"author":1,"featured_media":109568,"parent":0,"menu_order":0,"comment_status":"closed","ping_status":"closed","template":"page-home.php","meta":{"_et_pb_use_builder":"off","_et_pb_old_content":"","_et_gb_content_width":"","Offertennummer":"","Hersteller":"","Typ":"","Durchmesser":"","Baujahr":"","Arbeitsbereich1":"","Arbeitsbereich2":"","Arbeitsbereich3":"","Arbeitsbereich4":"","Maschinenart_D":"","Maschinenart_E":"","Maschinenart_F":"","Maschinenart_S":"","Maschinenart_I":"","Maschinenart_T":"","Maschinenart_P":"","Video":"","Standort":"","Maschinensucher_Steuerungs_Key":"","footnotes":""},"class_list":["post-6","page","type-page","status-publish","has-post-thumbnail","hentry"],"yoast_head":"<!-- This site is optimized with the Yoast SEO plugin v25.4 - https:\/\/yoast.com\/wordpress\/plugins\/seo\/ -->\n<title>HSH Steinfels - Suministrador por maquinas de segunda mano<\/title>\n<meta name=\"description\" content=\"Su proveedor de servicio completo para la compra y venta de m\u00e1quinas de segunda mano para la industria del alambre y fijaci\u00f3n con m\u00e1s de 62 a\u00f1os de experiencia.\" \/>\n<meta name=\"robots\" content=\"index, follow, max-snippet:-1, max-image-preview:large, max-video-preview:-1\" \/>\n<link rel=\"canonical\" href=\"https:\/\/www.steinfels-kg.de\/\" \/>\n<meta property=\"og:locale\" content=\"es_ES\" \/>\n<meta property=\"og:type\" content=\"article\" \/>\n<meta property=\"og:title\" content=\"HSH Steinfels - Suministrador por maquinas de segunda mano\" \/>\n<meta property=\"og:description\" content=\"[:de]Ihr Full-Service-Dienstleister f\u00fcr den An- und Verkauf von gebrauchten Maschinen der Draht- und der Befestigungsindustrie mit \u00fcber 62 Jahren Erfahrung.[:fr]Une entreprise de services sp\u00e9cialis\u00e9e depuis plus de 62 ans dans la vente et l&#039;achat de machines d&#039;occasion pour l&#039;industrie du fil et de la boulonnerie[:en]We are your full-service-provider for the purchase and sale of used machinery of the wire and fastening industry with over 62 years of experience.[:us]We are your full-service-provider for the purchase and sale of used machinery of the wire and fastening industry with over 62 years of experience.[:es]Su proveedor de servicio completo para la compra y venta de m\u00e1quinas de segunda mano para la industria del alambre y fijaci\u00f3n con m\u00e1s de 62 a\u00f1os de experiencia.[:ru]\u0412\u0430\u0448\u0438\u043c \u0421\u0435\u0440\u0432\u0438\u0441-\u043f\u0430\u0440\u0442\u043d\u0451\u0440\u043e\u043c \u0438 \u043e\u043a\u0430\u0437\u044b\u0432\u0430\u0435\u043c \u0432\u0435\u0441\u044c \u043a\u043e\u043c\u043f\u043b\u0435\u043a\u0441 \u0443\u0441\u043b\u0443\u0433 \u043f\u043e \u043f\u043e\u043a\u0443\u043f\u043a\u0435 \u0438 \u043f\u0440\u043e\u0434\u0430\u0436\u0438 \u043f\u043e\u0434\u0435\u0440\u0436\u0430\u043d\u043d\u044b\u0445 \u043c\u0430\u0448\u0438\u043d \u043f\u0440\u043e\u0432\u043e\u043b\u043e\u0447\u043d\u043e\u0439 \u0438 \u043a\u0440\u0435\u043f\u0435\u0436\u043d\u043e\u0439 \u0438\u043d\u0434\u0443\u0441\u0442\u0440\u0438\u0438 \u0441 \u0431\u043e\u043b\u0435\u0435 \u0447\u0435\u043c 62-\u043b\u0435\u0442\u043d\u0438\u043c \u043e\u043f\u044b\u0442\u043e\u043c.[:it]Vostro fornitore di tutti i servizi relativi all&#039;acquisto e la vendita di macchinari usati dell&#039;industria del filo e del fissaggio. Contiamo per questo con oltre 62 anni di esperienza.[:tr]60 y\u0131l\u0131 a\u015fk\u0131n tecr\u00fcbesi ile tel ve ba\u011flant\u0131 end\u00fcstrisinin kullan\u0131lm\u0131\u015f makine al\u0131m sat\u0131m\u0131 i\u00e7in tam hizmet sa\u011flay\u0131c\u0131n\u0131z.[:pl]Jeste\u015bmy firm\u0105 z ponad 62-letnim do\u015bwiadczeniem zajmuj\u0105c\u0105 si\u0119 kompleksowymi us\u0142ugami w zakresie zakupu i sprzeda\u017cy u\u017cywanych maszyn do produkcji wyrob\u00f3w i zamocowa\u0144 z drutu .\" \/>\n<meta property=\"og:url\" content=\"https:\/\/www.steinfels-kg.de\/\" \/>\n<meta property=\"og:site_name\" content=\"HSH Steinfels\" \/>\n<meta property=\"article:publisher\" content=\"https:\/\/www.facebook.com\/HelmutSteinfels\" \/>\n<meta property=\"article:modified_time\" content=\"2024-09-19T09:15:46+00:00\" \/>\n<meta property=\"og:image\" content=\"https:\/\/www.steinfels-kg.de\/wp-content\/uploads\/deutsch-home\/IMG_4329.jpg\" \/>\n\t<meta property=\"og:image:width\" content=\"1200\" \/>\n\t<meta property=\"og:image:height\" content=\"838\" \/>\n\t<meta property=\"og:image:type\" content=\"image\/jpeg\" \/>\n<meta name=\"twitter:label1\" content=\"Tiempo de lectura\" \/>\n\t<meta name=\"twitter:data1\" content=\"4 minutes\" \/>\n<script type=\"application\/ld+json\" class=\"yoast-schema-graph\">{\n\t    \"@context\": \"https:\/\/schema.org\",\n\t    \"@graph\": [\n\t        {\n\t            \"@type\": \"WebPage\",\n\t            \"@id\": \"https:\/\/www.steinfels-kg.de\/\",\n\t            \"url\": \"https:\/\/www.steinfels-kg.de\/\",\n\t            \"name\": \"HSH Steinfels - Suministrador por maquinas de segunda mano \",\n\t            \"isPartOf\": {\n\t                \"@id\": \"https:\/\/www.steinfels-kg.de\/tr\/#website\"\n\t            },\n\t            \"primaryImageOfPage\": {\n\t                \"@id\": \"https:\/\/www.steinfels-kg.de\/#primaryimage\"\n\t            },\n\t            \"image\": {\n\t                \"@id\": \"https:\/\/www.steinfels-kg.de\/#primaryimage\"\n\t            },\n\t            \"thumbnailUrl\": \"https:\/\/www.steinfels-kg.de\/wp-content\/uploads\/deutsch-home\/IMG_4329.jpg\",\n\t            \"datePublished\": \"2013-08-23T16:45:09+00:00\",\n\t            \"dateModified\": \"2024-09-19T09:15:46+00:00\",\n\t            \"description\": \"[:de]Ihr Full-Service-Dienstleister f\u00fcr den An- und Verkauf von gebrauchten Maschinen der Draht- und der Befestigungsindustrie mit \u00fcber 62 Jahren Erfahrung.[:fr]Une entreprise de services sp\u00e9cialis\u00e9e depuis plus de 62 ans dans la vente et l'achat de machines d'occasion pour l'industrie du fil et de la boulonnerie[:en]We are your full-service-provider for the purchase and sale of used machinery of the wire and fastening industry with over 62 years of experience.[:us]We are your full-service-provider for the purchase and sale of used machinery of the wire and fastening industry with over 62 years of experience.[:es]Su proveedor de servicio completo para la compra y venta de m\u00e1quinas de segunda mano para la industria del alambre y fijaci\u00f3n con m\u00e1s de 62 a\u00f1os de experiencia.[:ru]\u0412\u0430\u0448\u0438\u043c \u0421\u0435\u0440\u0432\u0438\u0441-\u043f\u0430\u0440\u0442\u043d\u0451\u0440\u043e\u043c \u0438 \u043e\u043a\u0430\u0437\u044b\u0432\u0430\u0435\u043c \u0432\u0435\u0441\u044c \u043a\u043e\u043c\u043f\u043b\u0435\u043a\u0441 \u0443\u0441\u043b\u0443\u0433 \u043f\u043e \u043f\u043e\u043a\u0443\u043f\u043a\u0435 \u0438 \u043f\u0440\u043e\u0434\u0430\u0436\u0438 \u043f\u043e\u0434\u0435\u0440\u0436\u0430\u043d\u043d\u044b\u0445 \u043c\u0430\u0448\u0438\u043d \u043f\u0440\u043e\u0432\u043e\u043b\u043e\u0447\u043d\u043e\u0439 \u0438 \u043a\u0440\u0435\u043f\u0435\u0436\u043d\u043e\u0439 \u0438\u043d\u0434\u0443\u0441\u0442\u0440\u0438\u0438 \u0441 \u0431\u043e\u043b\u0435\u0435 \u0447\u0435\u043c 62-\u043b\u0435\u0442\u043d\u0438\u043c \u043e\u043f\u044b\u0442\u043e\u043c.[:it]Vostro fornitore di tutti i servizi relativi all'acquisto e la vendita di macchinari usati dell'industria del filo e del fissaggio. Contiamo per questo con oltre 62 anni di esperienza.[:tr]60 y\u0131l\u0131 a\u015fk\u0131n tecr\u00fcbesi ile tel ve ba\u011flant\u0131 end\u00fcstrisinin kullan\u0131lm\u0131\u015f makine al\u0131m sat\u0131m\u0131 i\u00e7in tam hizmet sa\u011flay\u0131c\u0131n\u0131z.[:pl]Jeste\u015bmy firm\u0105 z ponad 62-letnim do\u015bwiadczeniem zajmuj\u0105c\u0105 si\u0119 kompleksowymi us\u0142ugami w zakresie zakupu i sprzeda\u017cy u\u017cywanych maszyn do produkcji wyrob\u00f3w i zamocowa\u0144 z drutu .\",\n\t            \"breadcrumb\": {\n\t                \"@id\": \"https:\/\/www.steinfels-kg.de\/#breadcrumb\"\n\t            },\n\t            \"inLanguage\": \"es-ES\",\n\t            \"potentialAction\": [\n\t                {\n\t                    \"@type\": \"ReadAction\",\n\t                    \"target\": [\n\t                        \"https:\/\/www.steinfels-kg.de\/\"\n\t                    ]\n\t                }\n\t            ]\n\t        },\n\t        {\n\t            \"@type\": \"ImageObject\",\n\t            \"inLanguage\": \"es-ES\",\n\t            \"@id\": \"https:\/\/www.steinfels-kg.de\/#primaryimage\",\n\t            \"url\": \"https:\/\/www.steinfels-kg.de\/wp-content\/uploads\/deutsch-home\/IMG_4329.jpg\",\n\t            \"contentUrl\": \"https:\/\/www.steinfels-kg.de\/wp-content\/uploads\/deutsch-home\/IMG_4329.jpg\",\n\t            \"width\": 1200,\n\t            \"height\": 838\n\t        },\n\t        {\n\t            \"@type\": \"BreadcrumbList\",\n\t            \"@id\": \"https:\/\/www.steinfels-kg.de\/#breadcrumb\",\n\t            \"itemListElement\": [\n\t                {\n\t                    \"@type\": \"ListItem\",\n\t                    \"position\": 1,\n\t                    \"name\": \"Home\",\n\t                    \"item\": \"https:\/\/www.steinfels-kg.de\/\"\n\t                },\n\t                {\n\t                    \"@type\": \"ListItem\",\n\t                    \"position\": 2,\n\t                    \"name\": \"Willkommen bei Helmut Steinfels GmbH &#038; Co KG\"\n\t                }\n\t            ]\n\t        },\n\t        {\n\t            \"@type\": \"WebSite\",\n\t            \"@id\": \"https:\/\/www.steinfels-kg.de\/tr\/#website\",\n\t            \"url\": \"https:\/\/www.steinfels-kg.de\/tr\/\",\n\t            \"name\": \"HSH Steinfels\",\n\t            \"description\": \"H\u00e4ndler f\u00fcr gebrauchte Maschinen\",\n\t            \"publisher\": {\n\t                \"@id\": \"https:\/\/www.steinfels-kg.de\/tr\/#organization\"\n\t            },\n\t            \"potentialAction\": [\n\t                {\n\t                    \"@type\": \"SearchAction\",\n\t                    \"target\": {\n\t                        \"@type\": \"EntryPoint\",\n\t                        \"urlTemplate\": \"https:\/\/www.steinfels-kg.de\/tr\/?s={search_term_string}\"\n\t                    },\n\t                    \"query-input\": {\n\t                        \"@type\": \"PropertyValueSpecification\",\n\t                        \"valueRequired\": true,\n\t                        \"valueName\": \"search_term_string\"\n\t                    }\n\t                }\n\t            ],\n\t            \"inLanguage\": \"es-ES\"\n\t        },\n\t        {\n\t            \"@type\": \"Organization\",\n\t            \"@id\": \"https:\/\/www.steinfels-kg.de\/tr\/#organization\",\n\t            \"name\": \"HSH Steinfels\",\n\t            \"url\": \"https:\/\/www.steinfels-kg.de\/tr\/\",\n\t            \"logo\": {\n\t                \"@type\": \"ImageObject\",\n\t                \"inLanguage\": \"es-ES\",\n\t                \"@id\": \"https:\/\/www.steinfels-kg.de\/tr\/#\/schema\/logo\/image\/\",\n\t                \"url\": \"https:\/\/www.steinfels-kg.de\/wp-content\/uploads\/favicon-ng.png\",\n\t                \"contentUrl\": \"https:\/\/www.steinfels-kg.de\/wp-content\/uploads\/favicon-ng.png\",\n\t                \"width\": 500,\n\t                \"height\": 500,\n\t                \"caption\": \"HSH Steinfels\"\n\t            },\n\t            \"image\": {\n\t                \"@id\": \"https:\/\/www.steinfels-kg.de\/tr\/#\/schema\/logo\/image\/\"\n\t            },\n\t            \"sameAs\": [\n\t                \"https:\/\/www.facebook.com\/HelmutSteinfels\"\n\t            ]\n\t        }\n\t    ]\n\t}<\/script>\n<!-- \/ Yoast SEO plugin. -->","yoast_head_json":{"title":"HSH Steinfels - Suministrador por maquinas de segunda mano","description":"Su proveedor de servicio completo para la compra y venta de m\u00e1quinas de segunda mano para la industria del alambre y fijaci\u00f3n con m\u00e1s de 62 a\u00f1os de experiencia.","robots":{"index":"index","follow":"follow","max-snippet":"max-snippet:-1","max-image-preview":"max-image-preview:large","max-video-preview":"max-video-preview:-1"},"canonical":"https:\/\/www.steinfels-kg.de\/","og_locale":"es_ES","og_type":"article","og_title":"HSH Steinfels - Suministrador por maquinas de segunda mano","og_description":"[:de]Ihr Full-Service-Dienstleister f\u00fcr den An- und Verkauf von gebrauchten Maschinen der Draht- und der Befestigungsindustrie mit \u00fcber 62 Jahren Erfahrung.[:fr]Une entreprise de services sp\u00e9cialis\u00e9e depuis plus de 62 ans dans la vente et l'achat de machines d'occasion pour l'industrie du fil et de la boulonnerie[:en]We are your full-service-provider for the purchase and sale of used machinery of the wire and fastening industry with over 62 years of experience.[:us]We are your full-service-provider for the purchase and sale of used machinery of the wire and fastening industry with over 62 years of experience.[:es]Su proveedor de servicio completo para la compra y venta de m\u00e1quinas de segunda mano para la industria del alambre y fijaci\u00f3n con m\u00e1s de 62 a\u00f1os de experiencia.[:ru]\u0412\u0430\u0448\u0438\u043c \u0421\u0435\u0440\u0432\u0438\u0441-\u043f\u0430\u0440\u0442\u043d\u0451\u0440\u043e\u043c \u0438 \u043e\u043a\u0430\u0437\u044b\u0432\u0430\u0435\u043c \u0432\u0435\u0441\u044c \u043a\u043e\u043c\u043f\u043b\u0435\u043a\u0441 \u0443\u0441\u043b\u0443\u0433 \u043f\u043e \u043f\u043e\u043a\u0443\u043f\u043a\u0435 \u0438 \u043f\u0440\u043e\u0434\u0430\u0436\u0438 \u043f\u043e\u0434\u0435\u0440\u0436\u0430\u043d\u043d\u044b\u0445 \u043c\u0430\u0448\u0438\u043d \u043f\u0440\u043e\u0432\u043e\u043b\u043e\u0447\u043d\u043e\u0439 \u0438 \u043a\u0440\u0435\u043f\u0435\u0436\u043d\u043e\u0439 \u0438\u043d\u0434\u0443\u0441\u0442\u0440\u0438\u0438 \u0441 \u0431\u043e\u043b\u0435\u0435 \u0447\u0435\u043c 62-\u043b\u0435\u0442\u043d\u0438\u043c \u043e\u043f\u044b\u0442\u043e\u043c.[:it]Vostro fornitore di tutti i servizi relativi all'acquisto e la vendita di macchinari usati dell'industria del filo e del fissaggio. Contiamo per questo con oltre 62 anni di esperienza.[:tr]60 y\u0131l\u0131 a\u015fk\u0131n tecr\u00fcbesi ile tel ve ba\u011flant\u0131 end\u00fcstrisinin kullan\u0131lm\u0131\u015f makine al\u0131m sat\u0131m\u0131 i\u00e7in tam hizmet sa\u011flay\u0131c\u0131n\u0131z.[:pl]Jeste\u015bmy firm\u0105 z ponad 62-letnim do\u015bwiadczeniem zajmuj\u0105c\u0105 si\u0119 kompleksowymi us\u0142ugami w zakresie zakupu i sprzeda\u017cy u\u017cywanych maszyn do produkcji wyrob\u00f3w i zamocowa\u0144 z drutu .","og_url":"https:\/\/www.steinfels-kg.de\/","og_site_name":"HSH Steinfels","article_publisher":"https:\/\/www.facebook.com\/HelmutSteinfels","article_modified_time":"2024-09-19T09:15:46+00:00","og_image":[{"width":1200,"height":838,"url":"https:\/\/www.steinfels-kg.de\/wp-content\/uploads\/deutsch-home\/IMG_4329.jpg","type":"image\/jpeg"}],"twitter_misc":{"Tiempo de lectura":"4 minutes"},"schema":{"@context":"https:\/\/schema.org","@graph":[{"@type":"WebPage","@id":"https:\/\/www.steinfels-kg.de\/","url":"https:\/\/www.steinfels-kg.de\/","name":"HSH Steinfels - Suministrador por maquinas de segunda mano ","isPartOf":{"@id":"https:\/\/www.steinfels-kg.de\/tr\/#website"},"primaryImageOfPage":{"@id":"https:\/\/www.steinfels-kg.de\/#primaryimage"},"image":{"@id":"https:\/\/www.steinfels-kg.de\/#primaryimage"},"thumbnailUrl":"https:\/\/www.steinfels-kg.de\/wp-content\/uploads\/deutsch-home\/IMG_4329.jpg","datePublished":"2013-08-23T16:45:09+00:00","dateModified":"2024-09-19T09:15:46+00:00","description":"[:de]Ihr Full-Service-Dienstleister f\u00fcr den An- und Verkauf von gebrauchten Maschinen der Draht- und der Befestigungsindustrie mit \u00fcber 62 Jahren Erfahrung.[:fr]Une entreprise de services sp\u00e9cialis\u00e9e depuis plus de 62 ans dans la vente et l'achat de machines d'occasion pour l'industrie du fil et de la boulonnerie[:en]We are your full-service-provider for the purchase and sale of used machinery of the wire and fastening industry with over 62 years of experience.[:us]We are your full-service-provider for the purchase and sale of used machinery of the wire and fastening industry with over 62 years of experience.[:es]Su proveedor de servicio completo para la compra y venta de m\u00e1quinas de segunda mano para la industria del alambre y fijaci\u00f3n con m\u00e1s de 62 a\u00f1os de experiencia.[:ru]\u0412\u0430\u0448\u0438\u043c \u0421\u0435\u0440\u0432\u0438\u0441-\u043f\u0430\u0440\u0442\u043d\u0451\u0440\u043e\u043c \u0438 \u043e\u043a\u0430\u0437\u044b\u0432\u0430\u0435\u043c \u0432\u0435\u0441\u044c \u043a\u043e\u043c\u043f\u043b\u0435\u043a\u0441 \u0443\u0441\u043b\u0443\u0433 \u043f\u043e \u043f\u043e\u043a\u0443\u043f\u043a\u0435 \u0438 \u043f\u0440\u043e\u0434\u0430\u0436\u0438 \u043f\u043e\u0434\u0435\u0440\u0436\u0430\u043d\u043d\u044b\u0445 \u043c\u0430\u0448\u0438\u043d \u043f\u0440\u043e\u0432\u043e\u043b\u043e\u0447\u043d\u043e\u0439 \u0438 \u043a\u0440\u0435\u043f\u0435\u0436\u043d\u043e\u0439 \u0438\u043d\u0434\u0443\u0441\u0442\u0440\u0438\u0438 \u0441 \u0431\u043e\u043b\u0435\u0435 \u0447\u0435\u043c 62-\u043b\u0435\u0442\u043d\u0438\u043c \u043e\u043f\u044b\u0442\u043e\u043c.[:it]Vostro fornitore di tutti i servizi relativi all'acquisto e la vendita di macchinari usati dell'industria del filo e del fissaggio. Contiamo per questo con oltre 62 anni di esperienza.[:tr]60 y\u0131l\u0131 a\u015fk\u0131n tecr\u00fcbesi ile tel ve ba\u011flant\u0131 end\u00fcstrisinin kullan\u0131lm\u0131\u015f makine al\u0131m sat\u0131m\u0131 i\u00e7in tam hizmet sa\u011flay\u0131c\u0131n\u0131z.[:pl]Jeste\u015bmy firm\u0105 z ponad 62-letnim do\u015bwiadczeniem zajmuj\u0105c\u0105 si\u0119 kompleksowymi us\u0142ugami w zakresie zakupu i sprzeda\u017cy u\u017cywanych maszyn do produkcji wyrob\u00f3w i zamocowa\u0144 z drutu .","breadcrumb":{"@id":"https:\/\/www.steinfels-kg.de\/#breadcrumb"},"inLanguage":"es-ES","potentialAction":[{"@type":"ReadAction","target":["https:\/\/www.steinfels-kg.de\/"]}]},{"@type":"ImageObject","inLanguage":"es-ES","@id":"https:\/\/www.steinfels-kg.de\/#primaryimage","url":"https:\/\/www.steinfels-kg.de\/wp-content\/uploads\/deutsch-home\/IMG_4329.jpg","contentUrl":"https:\/\/www.steinfels-kg.de\/wp-content\/uploads\/deutsch-home\/IMG_4329.jpg","width":1200,"height":838},{"@type":"BreadcrumbList","@id":"https:\/\/www.steinfels-kg.de\/#breadcrumb","itemListElement":[{"@type":"ListItem","position":1,"name":"Home","item":"https:\/\/www.steinfels-kg.de\/"},{"@type":"ListItem","position":2,"name":"Willkommen bei Helmut Steinfels GmbH &#038; Co KG"}]},{"@type":"WebSite","@id":"https:\/\/www.steinfels-kg.de\/tr\/#website","url":"https:\/\/www.steinfels-kg.de\/tr\/","name":"HSH Steinfels","description":"H\u00e4ndler f\u00fcr gebrauchte Maschinen","publisher":{"@id":"https:\/\/www.steinfels-kg.de\/tr\/#organization"},"potentialAction":[{"@type":"SearchAction","target":{"@type":"EntryPoint","urlTemplate":"https:\/\/www.steinfels-kg.de\/tr\/?s={search_term_string}"},"query-input":{"@type":"PropertyValueSpecification","valueRequired":true,"valueName":"search_term_string"}}],"inLanguage":"es-ES"},{"@type":"Organization","@id":"https:\/\/www.steinfels-kg.de\/tr\/#organization","name":"HSH Steinfels","url":"https:\/\/www.steinfels-kg.de\/tr\/","logo":{"@type":"ImageObject","inLanguage":"es-ES","@id":"https:\/\/www.steinfels-kg.de\/tr\/#\/schema\/logo\/image\/","url":"https:\/\/www.steinfels-kg.de\/wp-content\/uploads\/favicon-ng.png","contentUrl":"https:\/\/www.steinfels-kg.de\/wp-content\/uploads\/favicon-ng.png","width":500,"height":500,"caption":"HSH Steinfels"},"image":{"@id":"https:\/\/www.steinfels-kg.de\/tr\/#\/schema\/logo\/image\/"},"sameAs":["https:\/\/www.facebook.com\/HelmutSteinfels"]}]}},"_links":{"self":[{"href":"https:\/\/www.steinfels-kg.de\/es\/wp-json\/wp\/v2\/pages\/6","targetHints":{"allow":["GET"]}}],"collection":[{"href":"https:\/\/www.steinfels-kg.de\/es\/wp-json\/wp\/v2\/pages"}],"about":[{"href":"https:\/\/www.steinfels-kg.de\/es\/wp-json\/wp\/v2\/types\/page"}],"author":[{"embeddable":true,"href":"https:\/\/www.steinfels-kg.de\/es\/wp-json\/wp\/v2\/users\/1"}],"replies":[{"embeddable":true,"href":"https:\/\/www.steinfels-kg.de\/es\/wp-json\/wp\/v2\/comments?post=6"}],"version-history":[{"count":1,"href":"https:\/\/www.steinfels-kg.de\/es\/wp-json\/wp\/v2\/pages\/6\/revisions"}],"predecessor-version":[{"id":144955,"href":"https:\/\/www.steinfels-kg.de\/es\/wp-json\/wp\/v2\/pages\/6\/revisions\/144955"}],"wp:featuredmedia":[{"embeddable":true,"href":"https:\/\/www.steinfels-kg.de\/es\/wp-json\/wp\/v2\/media\/109568"}],"wp:attachment":[{"href":"https:\/\/www.steinfels-kg.de\/es\/wp-json\/wp\/v2\/media?parent=6"}],"curies":[{"name":"wp","href":"https:\/\/api.w.org\/{rel}","templated":true}]}}