{"id":126310,"date":"2020-08-04T22:15:57","date_gmt":"2020-08-04T21:15:57","guid":{"rendered":"https:\/\/www.steinfels-kg.de\/?page_id=126310"},"modified":"2020-08-04T22:15:57","modified_gmt":"2020-08-04T21:15:57","slug":"lagerliste-befestigungsindustrie","status":"publish","type":"page","link":"https:\/\/www.steinfels-kg.de\/es\/maquinas\/lista-de-almacen\/lista-de-almacen-fijacion\/","title":{"rendered":"Lista de almac\u00e9n"},"content":{"rendered":"<p class=\"intro_cat\">Las siguientes m\u00e1quinas que se encuentran en nuestro almac\u00e9n en Norderstedt \/ Alemania. En la mayor\u00eda de los casos puede inspeccionar la m\u00e1quina en funcionamiento pero sin material. <!--googleoff: index--><span> Si marca las m\u00e1quinas en la parte delantera de las l\u00edneas puede solicitar una cotizaci\u00f3n para todos los equipos juntos, se les puede encontrar en la lista embarcar hacia cada puerto en la esquina superior derecha de la p\u00e1gina.<\/span><!--googleon: index--><\/p>\n","protected":false},"excerpt":{"rendered":"<p>Las siguientes m\u00e1quinas que se encuentran en nuestro almac\u00e9n en Norderstedt \/ Alemania. En la mayor\u00eda de los casos puede inspeccionar la m\u00e1quina en funcionamiento pero sin material. Si marca las m\u00e1quinas en la parte delantera de las l\u00edneas puede solicitar una cotizaci\u00f3n para todos los equipos juntos, se les puede encontrar en la lista&#8230;  <a class=\"excerpt-read-more\" href=\"https:\/\/www.steinfels-kg.de\/es\/maquinas\/lista-de-almacen\/lista-de-almacen-fijacion\/\" title=\"ReadLista de almac\u00e9n\">Read more &raquo;<\/a><\/p>\n","protected":false},"author":3,"featured_media":0,"parent":5151,"menu_order":0,"comment_status":"closed","ping_status":"open","template":"page-lagerliste-schrauben.php","meta":{"_et_pb_use_builder":"","_et_pb_old_content":"","_et_gb_content_width":"","Offertennummer":"","Hersteller":"","Typ":"","Durchmesser":"","Baujahr":"","Arbeitsbereich1":"","Arbeitsbereich2":"","Arbeitsbereich3":"","Arbeitsbereich4":"","Maschinenart_D":"","Maschinenart_E":"","Maschinenart_F":"","Maschinenart_S":"","Maschinenart_I":"","Maschinenart_T":"","Maschinenart_P":"","Video":"","Standort":"","Maschinensucher_Steuerungs_Key":"","footnotes":""},"class_list":["post-126310","page","type-page","status-publish","hentry"],"yoast_head":"<!-- This site is optimized with the Yoast SEO plugin v25.4 - https:\/\/yoast.com\/wordpress\/plugins\/seo\/ -->\n<title>Lista de almac\u00e9n - HSH Steinfels<\/title>\n<meta name=\"description\" content=\"Die folgenden Maschinen befinden sich in unserem Lager in Norderstedt \/ Deutschland und k\u00f6nnen meistens unter Strom im Leerlauf vorgef\u00fchrt werden. Wenn\" \/>\n<meta name=\"robots\" content=\"index, follow, max-snippet:-1, max-image-preview:large, max-video-preview:-1\" \/>\n<link rel=\"canonical\" href=\"https:\/\/www.steinfels-kg.de\/maschinen\/lagerliste\/lagerliste-schrauben\/\" \/>\n<meta property=\"og:locale\" content=\"es_ES\" \/>\n<meta property=\"og:type\" content=\"article\" \/>\n<meta property=\"og:title\" content=\"Lista de almac\u00e9n - HSH Steinfels\" \/>\n<meta property=\"og:description\" content=\"Die folgenden Maschinen befinden sich in unserem Lager in Norderstedt \/ Deutschland und k\u00f6nnen meistens unter Strom im Leerlauf vorgef\u00fchrt werden. Wenn\" \/>\n<meta property=\"og:url\" content=\"https:\/\/www.steinfels-kg.de\/maschinen\/lagerliste\/lagerliste-schrauben\/\" \/>\n<meta property=\"og:site_name\" content=\"HSH Steinfels\" \/>\n<meta property=\"article:publisher\" content=\"https:\/\/www.facebook.com\/HelmutSteinfels\" \/>\n<meta name=\"twitter:label1\" content=\"Tiempo de lectura\" \/>\n\t<meta name=\"twitter:data1\" content=\"2 minutes\" \/>\n<script type=\"application\/ld+json\" class=\"yoast-schema-graph\">{\n\t    \"@context\": \"https:\/\/schema.org\",\n\t    \"@graph\": [\n\t        {\n\t            \"@type\": \"WebPage\",\n\t            \"@id\": \"https:\/\/www.steinfels-kg.de\/maschinen\/lagerliste\/lagerliste-schrauben\/\",\n\t            \"url\": \"https:\/\/www.steinfels-kg.de\/maschinen\/lagerliste\/lagerliste-schrauben\/\",\n\t            \"name\": \"Lista de almac\u00e9n - HSH Steinfels\",\n\t            \"isPartOf\": {\n\t                \"@id\": \"https:\/\/www.steinfels-kg.de\/tr\/#website\"\n\t            },\n\t            \"datePublished\": \"2020-08-04T21:15:57+00:00\",\n\t            \"description\": \"Die folgenden Maschinen befinden sich in unserem Lager in Norderstedt \/ Deutschland und k\u00f6nnen meistens unter Strom im Leerlauf vorgef\u00fchrt werden. Wenn\",\n\t            \"breadcrumb\": {\n\t                \"@id\": \"https:\/\/www.steinfels-kg.de\/maschinen\/lagerliste\/lagerliste-schrauben\/#breadcrumb\"\n\t            },\n\t            \"inLanguage\": \"es-ES\",\n\t            \"potentialAction\": [\n\t                {\n\t                    \"@type\": \"ReadAction\",\n\t                    \"target\": [\n\t                        \"https:\/\/www.steinfels-kg.de\/maschinen\/lagerliste\/lagerliste-schrauben\/\"\n\t                    ]\n\t                }\n\t            ]\n\t        },\n\t        {\n\t            \"@type\": \"BreadcrumbList\",\n\t            \"@id\": \"https:\/\/www.steinfels-kg.de\/maschinen\/lagerliste\/lagerliste-schrauben\/#breadcrumb\",\n\t            \"itemListElement\": [\n\t                {\n\t                    \"@type\": \"ListItem\",\n\t                    \"position\": 1,\n\t                    \"name\": \"Home\",\n\t                    \"item\": \"https:\/\/www.steinfels-kg.de\/\"\n\t                },\n\t                {\n\t                    \"@type\": \"ListItem\",\n\t                    \"position\": 2,\n\t                    \"name\": \"Maschinen\",\n\t                    \"item\": \"https:\/\/www.steinfels-kg.de\/maschinen\/\"\n\t                },\n\t                {\n\t                    \"@type\": \"ListItem\",\n\t                    \"position\": 3,\n\t                    \"name\": \"Lagerliste\",\n\t                    \"item\": \"https:\/\/www.steinfels-kg.de\/maschinen\/lagerliste\/\"\n\t                },\n\t                {\n\t                    \"@type\": \"ListItem\",\n\t                    \"position\": 4,\n\t                    \"name\": \"Lagerliste &#8211; Befestigungsindustrie\"\n\t                }\n\t            ]\n\t        },\n\t        {\n\t            \"@type\": \"WebSite\",\n\t            \"@id\": \"https:\/\/www.steinfels-kg.de\/tr\/#website\",\n\t            \"url\": \"https:\/\/www.steinfels-kg.de\/tr\/\",\n\t            \"name\": \"HSH Steinfels\",\n\t            \"description\": \"H\u00e4ndler f\u00fcr gebrauchte Maschinen\",\n\t            \"publisher\": {\n\t                \"@id\": \"https:\/\/www.steinfels-kg.de\/tr\/#organization\"\n\t            },\n\t            \"potentialAction\": [\n\t                {\n\t                    \"@type\": \"SearchAction\",\n\t                    \"target\": {\n\t                        \"@type\": \"EntryPoint\",\n\t                        \"urlTemplate\": \"https:\/\/www.steinfels-kg.de\/tr\/?s={search_term_string}\"\n\t                    },\n\t                    \"query-input\": {\n\t                        \"@type\": \"PropertyValueSpecification\",\n\t                        \"valueRequired\": true,\n\t                        \"valueName\": \"search_term_string\"\n\t                    }\n\t                }\n\t            ],\n\t            \"inLanguage\": \"es-ES\"\n\t        },\n\t        {\n\t            \"@type\": \"Organization\",\n\t            \"@id\": \"https:\/\/www.steinfels-kg.de\/tr\/#organization\",\n\t            \"name\": \"HSH Steinfels\",\n\t            \"url\": \"https:\/\/www.steinfels-kg.de\/tr\/\",\n\t            \"logo\": {\n\t                \"@type\": \"ImageObject\",\n\t                \"inLanguage\": \"es-ES\",\n\t                \"@id\": \"https:\/\/www.steinfels-kg.de\/tr\/#\/schema\/logo\/image\/\",\n\t                \"url\": \"https:\/\/www.steinfels-kg.de\/wp-content\/uploads\/favicon-ng.png\",\n\t                \"contentUrl\": \"https:\/\/www.steinfels-kg.de\/wp-content\/uploads\/favicon-ng.png\",\n\t                \"width\": 500,\n\t                \"height\": 500,\n\t                \"caption\": \"HSH Steinfels\"\n\t            },\n\t            \"image\": {\n\t                \"@id\": \"https:\/\/www.steinfels-kg.de\/tr\/#\/schema\/logo\/image\/\"\n\t            },\n\t            \"sameAs\": [\n\t                \"https:\/\/www.facebook.com\/HelmutSteinfels\"\n\t            ]\n\t        }\n\t    ]\n\t}<\/script>\n<!-- \/ Yoast SEO plugin. -->","yoast_head_json":{"title":"Lista de almac\u00e9n - HSH Steinfels","description":"Die folgenden Maschinen befinden sich in unserem Lager in Norderstedt \/ Deutschland und k\u00f6nnen meistens unter Strom im Leerlauf vorgef\u00fchrt werden. Wenn","robots":{"index":"index","follow":"follow","max-snippet":"max-snippet:-1","max-image-preview":"max-image-preview:large","max-video-preview":"max-video-preview:-1"},"canonical":"https:\/\/www.steinfels-kg.de\/maschinen\/lagerliste\/lagerliste-schrauben\/","og_locale":"es_ES","og_type":"article","og_title":"Lista de almac\u00e9n - HSH Steinfels","og_description":"Die folgenden Maschinen befinden sich in unserem Lager in Norderstedt \/ Deutschland und k\u00f6nnen meistens unter Strom im Leerlauf vorgef\u00fchrt werden. Wenn","og_url":"https:\/\/www.steinfels-kg.de\/maschinen\/lagerliste\/lagerliste-schrauben\/","og_site_name":"HSH Steinfels","article_publisher":"https:\/\/www.facebook.com\/HelmutSteinfels","twitter_misc":{"Tiempo de lectura":"2 minutes"},"schema":{"@context":"https:\/\/schema.org","@graph":[{"@type":"WebPage","@id":"https:\/\/www.steinfels-kg.de\/maschinen\/lagerliste\/lagerliste-schrauben\/","url":"https:\/\/www.steinfels-kg.de\/maschinen\/lagerliste\/lagerliste-schrauben\/","name":"Lista de almac\u00e9n - HSH Steinfels","isPartOf":{"@id":"https:\/\/www.steinfels-kg.de\/tr\/#website"},"datePublished":"2020-08-04T21:15:57+00:00","description":"Die folgenden Maschinen befinden sich in unserem Lager in Norderstedt \/ Deutschland und k\u00f6nnen meistens unter Strom im Leerlauf vorgef\u00fchrt werden. Wenn","breadcrumb":{"@id":"https:\/\/www.steinfels-kg.de\/maschinen\/lagerliste\/lagerliste-schrauben\/#breadcrumb"},"inLanguage":"es-ES","potentialAction":[{"@type":"ReadAction","target":["https:\/\/www.steinfels-kg.de\/maschinen\/lagerliste\/lagerliste-schrauben\/"]}]},{"@type":"BreadcrumbList","@id":"https:\/\/www.steinfels-kg.de\/maschinen\/lagerliste\/lagerliste-schrauben\/#breadcrumb","itemListElement":[{"@type":"ListItem","position":1,"name":"Home","item":"https:\/\/www.steinfels-kg.de\/"},{"@type":"ListItem","position":2,"name":"Maschinen","item":"https:\/\/www.steinfels-kg.de\/maschinen\/"},{"@type":"ListItem","position":3,"name":"Lagerliste","item":"https:\/\/www.steinfels-kg.de\/maschinen\/lagerliste\/"},{"@type":"ListItem","position":4,"name":"Lagerliste &#8211; Befestigungsindustrie"}]},{"@type":"WebSite","@id":"https:\/\/www.steinfels-kg.de\/tr\/#website","url":"https:\/\/www.steinfels-kg.de\/tr\/","name":"HSH Steinfels","description":"H\u00e4ndler f\u00fcr gebrauchte Maschinen","publisher":{"@id":"https:\/\/www.steinfels-kg.de\/tr\/#organization"},"potentialAction":[{"@type":"SearchAction","target":{"@type":"EntryPoint","urlTemplate":"https:\/\/www.steinfels-kg.de\/tr\/?s={search_term_string}"},"query-input":{"@type":"PropertyValueSpecification","valueRequired":true,"valueName":"search_term_string"}}],"inLanguage":"es-ES"},{"@type":"Organization","@id":"https:\/\/www.steinfels-kg.de\/tr\/#organization","name":"HSH Steinfels","url":"https:\/\/www.steinfels-kg.de\/tr\/","logo":{"@type":"ImageObject","inLanguage":"es-ES","@id":"https:\/\/www.steinfels-kg.de\/tr\/#\/schema\/logo\/image\/","url":"https:\/\/www.steinfels-kg.de\/wp-content\/uploads\/favicon-ng.png","contentUrl":"https:\/\/www.steinfels-kg.de\/wp-content\/uploads\/favicon-ng.png","width":500,"height":500,"caption":"HSH Steinfels"},"image":{"@id":"https:\/\/www.steinfels-kg.de\/tr\/#\/schema\/logo\/image\/"},"sameAs":["https:\/\/www.facebook.com\/HelmutSteinfels"]}]}},"_links":{"self":[{"href":"https:\/\/www.steinfels-kg.de\/es\/wp-json\/wp\/v2\/pages\/126310","targetHints":{"allow":["GET"]}}],"collection":[{"href":"https:\/\/www.steinfels-kg.de\/es\/wp-json\/wp\/v2\/pages"}],"about":[{"href":"https:\/\/www.steinfels-kg.de\/es\/wp-json\/wp\/v2\/types\/page"}],"author":[{"embeddable":true,"href":"https:\/\/www.steinfels-kg.de\/es\/wp-json\/wp\/v2\/users\/3"}],"replies":[{"embeddable":true,"href":"https:\/\/www.steinfels-kg.de\/es\/wp-json\/wp\/v2\/comments?post=126310"}],"version-history":[{"count":0,"href":"https:\/\/www.steinfels-kg.de\/es\/wp-json\/wp\/v2\/pages\/126310\/revisions"}],"up":[{"embeddable":true,"href":"https:\/\/www.steinfels-kg.de\/es\/wp-json\/wp\/v2\/pages\/5151"}],"wp:attachment":[{"href":"https:\/\/www.steinfels-kg.de\/es\/wp-json\/wp\/v2\/media?parent=126310"}],"curies":[{"name":"wp","href":"https:\/\/api.w.org\/{rel}","templated":true}]}}